{"id":2212,"date":"2020-03-02T07:22:28","date_gmt":"2020-03-02T04:22:28","guid":{"rendered":"https:\/\/yuvaasia.com\/recipes\/"},"modified":"2023-05-17T17:48:47","modified_gmt":"2023-05-17T14:48:47","slug":"recipes","status":"publish","type":"page","link":"https:\/\/yuvaasia.com\/az\/recipes\/","title":{"rendered":"Reseptl\u0259r"},"content":{"rendered":"\n<section class=\"cooked-recipe-search cooked-clearfix\"><form action=\"https:\/\/yuvaasia.com\/ge\/recipes\/\" method=\"get\"><div class=\"cooked-fields-wrap cooked-1-search-fields\"><div class=\"cooked-field-wrap cooked-field-wrap-select\"><span class=\"cooked-browse-select\"><span class=\"cooked-field-title\">G\u00f6zd\u0259n ke\u00e7irin<\/span><span class=\"cooked-browse-select-block cooked-clearfix\"><span class=\"cooked-tax-column\"><span class=\"cooked-tax-column-title\">Kateqoriyalar<\/span><div class=\"cooked-tax-scrollable\"><a href=\"https:\/\/yuvaasia.com\/az\/recipes\/recipe-category\/tea-time-recipes-az\">\u00c7ay saat\u0131<\/a><span class=\"cooked-tax-sub-item\"><a href=\"https:\/\/yuvaasia.com\/az\/recipes\/recipe-category\/teatime-salty-az\">Duzlu<\/a><\/span><span class=\"cooked-tax-sub-item\"><a href=\"https:\/\/yuvaasia.com\/az\/recipes\/recipe-category\/teatime-sweet-az\">\u015eirin<\/a><\/span><a href=\"https:\/\/yuvaasia.com\/az\/recipes\/recipe-category\/bread-recipes-az\">\u00c7\u00f6r\u0259k Reseptl\u0259ri<\/a><span class=\"cooked-tax-sub-item\"><a href=\"https:\/\/yuvaasia.com\/az\/recipes\/recipe-category\/salty-az\">Duzlu<\/a><\/span><span class=\"cooked-tax-sub-item\"><a href=\"https:\/\/yuvaasia.com\/az\/recipes\/recipe-category\/sweet-az-az\">\u015eirin<\/a><\/span><a href=\"https:\/\/yuvaasia.com\/az\/recipes\/recipe-category\/main-recipes-az\">\u018fsas reseptl\u0259r<\/a><span class=\"cooked-tax-sub-item\"><a href=\"https:\/\/yuvaasia.com\/az\/recipes\/recipe-category\/lunch-az\">Nahar<\/a><\/span><span class=\"cooked-tax-sub-item\"><a href=\"https:\/\/yuvaasia.com\/az\/recipes\/recipe-category\/dinner-az\">\u015eam yem\u0259yi<\/a><\/span><span class=\"cooked-tax-sub-item\"><a href=\"https:\/\/yuvaasia.com\/az\/recipes\/recipe-category\/breakfast-az\">S\u0259h\u0259r<\/a><\/span><\/div><\/span><\/span><\/span><\/div><input class=\"cooked-browse-search\" type=\"text\" name=\"cooked_search_s\" value=\"\" placeholder=\"Resept tap...\" \/><span class=\"cooked-browse-search-close\"><\/span><a href=\"#\" class=\"cooked-browse-search-button\"><i class=\"cooked-icon cooked-icon-search\"><\/i><\/a><div class=\"ajax-search hide\" data-local=\"az\"><\/div><\/div><input type=\"hidden\" name=\"page_id\" value=\"3623\"><span class=\"cooked-sortby-wrap\"><select class=\"cooked-sortby-select\" name=\"cooked_browse_sort_by\"><option value=\"date_desc\" selected>\u018fn yeni ilk<\/option><option value=\"date_asc\">\u018fn k\u00f6hn\u0259 ilk<\/option><option value=\"title_asc\">\u018flifba s\u0131ras\u0131 (A-Z)<\/option><option value=\"title_desc\">\u018flifba s\u0131ras\u0131 (Z-A)<\/option><\/select><\/span><\/form><\/section><section id=\"cooked-recipe-list-1\" class=\"cooked-clearfix ct-recipe-wrapper cooked-recipe-cookiteer_modern cooked-recipe-loader cooked-columns-3\">\r\n<article id=\"post-1814\" class=\"ct-recipe post-1814 cp_recipe type-cp_recipe status-publish has-post-thumbnail hentry cp_recipe_category-main-recipes-az cp_recipe_category-dinner-az\">\r\n\r\n  <div class=\"ct-recipe-inner\">\r\n\r\n        <div class=\"ct-recipe-thumbnail\">\r\n\r\n      \r\n            <a href=\"https:\/\/yuvaasia.com\/az\/recipes\/meat-pies\/\">\r\n        <img fetchpriority=\"high\" decoding=\"async\" width=\"500\" height=\"286\" src=\"https:\/\/yuvaasia.com\/wp-content\/uploads\/2022\/06\/meat-pie-500x286.jpeg\" class=\"attachment-cookiteer-recipe-grid size-cookiteer-recipe-grid wp-post-image\" alt=\"\" \/>      <\/a>\r\n          <\/div>\r\n    \r\n    <div class=\"ct-recipe-body\">\r\n              <div class=\"ct-recipe-author\">\r\n          <img alt='' src='https:\/\/secure.gravatar.com\/avatar\/93af42510323cf5a3dd9209a64f7fe30f6105888de5df66ae98a6b251f657a84?s=96&#038;d=mm&#038;r=g' class='avatar avatar-96 photo' height='96' width='96' \/>        <\/div>\r\n      \r\n      <span class=\"cooked-rating\" data-recipe-id=\"1814\"><\/span>\r\n      <span class=\"ct-recipe-difficulty\"><span class=\"cooked-difficulty-level-1\">Beginner<\/span><\/span>\r\n      <a href=\"https:\/\/yuvaasia.com\/az\/recipes\/meat-pies\/\" class=\"cooked-recipe-card-title\">Ciy b\u00f6r\u0259k<\/a>\r\n\r\n      \r\n            <a href=\"https:\/\/yuvaasia.com\/az\/recipes\/meat-pies\/\" class=\"btn-custom secondary btn-block btn-sm\">Read More <i class=\"fa fa-arrow-right\"><\/i> <\/a>\r\n      \r\n    <\/div>\r\n  <\/div>\r\n\r\n<\/article>\r\n\r\n<article id=\"post-1850\" class=\"ct-recipe post-1850 cp_recipe type-cp_recipe status-publish has-post-thumbnail hentry cp_recipe_category-tea-time-recipes-az cp_recipe_category-teatime-sweet-az\">\r\n\r\n  <div class=\"ct-recipe-inner\">\r\n\r\n        <div class=\"ct-recipe-thumbnail\">\r\n\r\n      \r\n            <a href=\"https:\/\/yuvaasia.com\/az\/recipes\/rose-dessert\/\">\r\n        <img decoding=\"async\" width=\"500\" height=\"286\" src=\"https:\/\/yuvaasia.com\/wp-content\/uploads\/2022\/06\/rose-dessert-500x286.jpeg\" class=\"attachment-cookiteer-recipe-grid size-cookiteer-recipe-grid wp-post-image\" alt=\"\" \/>      <\/a>\r\n          <\/div>\r\n    \r\n    <div class=\"ct-recipe-body\">\r\n              <div class=\"ct-recipe-author\">\r\n          <img alt='' src='https:\/\/secure.gravatar.com\/avatar\/93af42510323cf5a3dd9209a64f7fe30f6105888de5df66ae98a6b251f657a84?s=96&#038;d=mm&#038;r=g' class='avatar avatar-96 photo' height='96' width='96' \/>        <\/div>\r\n      \r\n      <span class=\"cooked-rating\" data-recipe-id=\"1850\"><\/span>\r\n      <span class=\"ct-recipe-difficulty\"><span class=\"cooked-difficulty-level-2\">Intermediate<\/span><\/span>\r\n      <a href=\"https:\/\/yuvaasia.com\/az\/recipes\/rose-dessert\/\" class=\"cooked-recipe-card-title\">G\u00fcl \u015ei\u0307rni\u0307yyati<\/a>\r\n\r\n      \r\n            <a href=\"https:\/\/yuvaasia.com\/az\/recipes\/rose-dessert\/\" class=\"btn-custom secondary btn-block btn-sm\">Read More <i class=\"fa fa-arrow-right\"><\/i> <\/a>\r\n      \r\n    <\/div>\r\n  <\/div>\r\n\r\n<\/article>\r\n\r\n<article id=\"post-1849\" class=\"ct-recipe post-1849 cp_recipe type-cp_recipe status-publish has-post-thumbnail hentry cp_recipe_category-tea-time-recipes-az cp_recipe_category-teatime-sweet-az\">\r\n\r\n  <div class=\"ct-recipe-inner\">\r\n\r\n        <div class=\"ct-recipe-thumbnail\">\r\n\r\n      \r\n            <a href=\"https:\/\/yuvaasia.com\/az\/recipes\/pastries-with-tahini-and-grape\/\">\r\n        <img decoding=\"async\" width=\"510\" height=\"286\" src=\"https:\/\/yuvaasia.com\/wp-content\/uploads\/2022\/06\/tahini-grape-pastry-510x286.jpeg\" class=\"attachment-cookiteer-recipe-grid size-cookiteer-recipe-grid wp-post-image\" alt=\"\" srcset=\"https:\/\/yuvaasia.com\/wp-content\/uploads\/2022\/06\/tahini-grape-pastry-510x286.jpeg 510w, https:\/\/yuvaasia.com\/wp-content\/uploads\/2022\/06\/tahini-grape-pastry-400x225.jpeg 400w\" sizes=\"(max-width: 510px) 100vw, 510px\" \/>      <\/a>\r\n          <\/div>\r\n    \r\n    <div class=\"ct-recipe-body\">\r\n              <div class=\"ct-recipe-author\">\r\n          <img alt='' src='https:\/\/secure.gravatar.com\/avatar\/93af42510323cf5a3dd9209a64f7fe30f6105888de5df66ae98a6b251f657a84?s=96&#038;d=mm&#038;r=g' class='avatar avatar-96 photo' height='96' width='96' \/>        <\/div>\r\n      \r\n      <span class=\"cooked-rating\" data-recipe-id=\"1849\"><\/span>\r\n      <span class=\"ct-recipe-difficulty\"><span class=\"cooked-difficulty-level-2\">Intermediate<\/span><\/span>\r\n      <a href=\"https:\/\/yuvaasia.com\/az\/recipes\/pastries-with-tahini-and-grape\/\" class=\"cooked-recipe-card-title\">\u018fzi\u0307lmi\u0307\u015f K\u00fcnc\u00fcdl\u00fc &#8211; B\u0259hm\u0259zli\u0307 Suxari\u0307<\/a>\r\n\r\n      \r\n            <a href=\"https:\/\/yuvaasia.com\/az\/recipes\/pastries-with-tahini-and-grape\/\" class=\"btn-custom secondary btn-block btn-sm\">Read More <i class=\"fa fa-arrow-right\"><\/i> <\/a>\r\n      \r\n    <\/div>\r\n  <\/div>\r\n\r\n<\/article>\r\n\r\n<article id=\"post-1848\" class=\"ct-recipe post-1848 cp_recipe type-cp_recipe status-publish has-post-thumbnail hentry cp_recipe_category-tea-time-recipes-az cp_recipe_category-teatime-sweet-az\">\r\n\r\n  <div class=\"ct-recipe-inner\">\r\n\r\n        <div class=\"ct-recipe-thumbnail\">\r\n\r\n      \r\n            <a href=\"https:\/\/yuvaasia.com\/az\/recipes\/lemon-tart\/\">\r\n        <img loading=\"lazy\" decoding=\"async\" width=\"510\" height=\"286\" src=\"https:\/\/yuvaasia.com\/wp-content\/uploads\/2022\/06\/yuvaasia-lemontart-510x286.jpg\" class=\"attachment-cookiteer-recipe-grid size-cookiteer-recipe-grid wp-post-image\" alt=\"\" srcset=\"https:\/\/yuvaasia.com\/wp-content\/uploads\/2022\/06\/yuvaasia-lemontart-510x286.jpg 510w, https:\/\/yuvaasia.com\/wp-content\/uploads\/2022\/06\/yuvaasia-lemontart-400x225.jpg 400w\" sizes=\"(max-width: 510px) 100vw, 510px\" \/>      <\/a>\r\n          <\/div>\r\n    \r\n    <div class=\"ct-recipe-body\">\r\n              <div class=\"ct-recipe-author\">\r\n          <img alt='' src='https:\/\/secure.gravatar.com\/avatar\/93af42510323cf5a3dd9209a64f7fe30f6105888de5df66ae98a6b251f657a84?s=96&#038;d=mm&#038;r=g' class='avatar avatar-96 photo' height='96' width='96' \/>        <\/div>\r\n      \r\n      <span class=\"cooked-rating\" data-recipe-id=\"1848\"><\/span>\r\n      <span class=\"ct-recipe-difficulty\"><span class=\"cooked-difficulty-level-1\">Beginner<\/span><\/span>\r\n      <a href=\"https:\/\/yuvaasia.com\/az\/recipes\/lemon-tart\/\" class=\"cooked-recipe-card-title\">Limonlu Tart<\/a>\r\n\r\n      \r\n            <a href=\"https:\/\/yuvaasia.com\/az\/recipes\/lemon-tart\/\" class=\"btn-custom secondary btn-block btn-sm\">Read More <i class=\"fa fa-arrow-right\"><\/i> <\/a>\r\n      \r\n    <\/div>\r\n  <\/div>\r\n\r\n<\/article>\r\n\r\n<article id=\"post-1847\" class=\"ct-recipe post-1847 cp_recipe type-cp_recipe status-publish has-post-thumbnail hentry cp_recipe_category-tea-time-recipes-az cp_recipe_category-teatime-salty-az\">\r\n\r\n  <div class=\"ct-recipe-inner\">\r\n\r\n        <div class=\"ct-recipe-thumbnail\">\r\n\r\n      \r\n            <a href=\"https:\/\/yuvaasia.com\/az\/recipes\/puffy-pastry-with-cornflour-pogaca\/\">\r\n        <img loading=\"lazy\" decoding=\"async\" width=\"500\" height=\"286\" src=\"https:\/\/yuvaasia.com\/wp-content\/uploads\/2022\/06\/cornflour-pogaca-500x286.jpeg\" class=\"attachment-cookiteer-recipe-grid size-cookiteer-recipe-grid wp-post-image\" alt=\"\" \/>      <\/a>\r\n          <\/div>\r\n    \r\n    <div class=\"ct-recipe-body\">\r\n              <div class=\"ct-recipe-author\">\r\n          <img alt='' src='https:\/\/secure.gravatar.com\/avatar\/93af42510323cf5a3dd9209a64f7fe30f6105888de5df66ae98a6b251f657a84?s=96&#038;d=mm&#038;r=g' class='avatar avatar-96 photo' height='96' width='96' \/>        <\/div>\r\n      \r\n      <span class=\"cooked-rating\" data-recipe-id=\"1847\"><\/span>\r\n      <span class=\"ct-recipe-difficulty\"><span class=\"cooked-difficulty-level-2\">Intermediate<\/span><\/span>\r\n      <a href=\"https:\/\/yuvaasia.com\/az\/recipes\/puffy-pastry-with-cornflour-pogaca\/\" class=\"cooked-recipe-card-title\">Qar\u011f\u0131dal\u0131 Unlu Po\u011fa\u00e7a<\/a>\r\n\r\n      \r\n            <a href=\"https:\/\/yuvaasia.com\/az\/recipes\/puffy-pastry-with-cornflour-pogaca\/\" class=\"btn-custom secondary btn-block btn-sm\">Read More <i class=\"fa fa-arrow-right\"><\/i> <\/a>\r\n      \r\n    <\/div>\r\n  <\/div>\r\n\r\n<\/article>\r\n\r\n<article id=\"post-1844\" class=\"ct-recipe post-1844 cp_recipe type-cp_recipe status-publish has-post-thumbnail hentry cp_recipe_category-main-recipes-az cp_recipe_category-lunch-az\">\r\n\r\n  <div class=\"ct-recipe-inner\">\r\n\r\n        <div class=\"ct-recipe-thumbnail\">\r\n\r\n      \r\n            <a href=\"https:\/\/yuvaasia.com\/az\/recipes\/homemade-hamburger\/\">\r\n        <img loading=\"lazy\" decoding=\"async\" width=\"510\" height=\"286\" src=\"https:\/\/yuvaasia.com\/wp-content\/uploads\/2022\/06\/yuvaasia-homemadeburger-510x286.jpg\" class=\"attachment-cookiteer-recipe-grid size-cookiteer-recipe-grid wp-post-image\" alt=\"\" srcset=\"https:\/\/yuvaasia.com\/wp-content\/uploads\/2022\/06\/yuvaasia-homemadeburger-510x286.jpg 510w, https:\/\/yuvaasia.com\/wp-content\/uploads\/2022\/06\/yuvaasia-homemadeburger-400x225.jpg 400w\" sizes=\"(max-width: 510px) 100vw, 510px\" \/>      <\/a>\r\n          <\/div>\r\n    \r\n    <div class=\"ct-recipe-body\">\r\n              <div class=\"ct-recipe-author\">\r\n          <img alt='' src='https:\/\/secure.gravatar.com\/avatar\/93af42510323cf5a3dd9209a64f7fe30f6105888de5df66ae98a6b251f657a84?s=96&#038;d=mm&#038;r=g' class='avatar avatar-96 photo' height='96' width='96' \/>        <\/div>\r\n      \r\n      <span class=\"cooked-rating\" data-recipe-id=\"1844\"><\/span>\r\n      <span class=\"ct-recipe-difficulty\"><\/span>\r\n      <a href=\"https:\/\/yuvaasia.com\/az\/recipes\/homemade-hamburger\/\" class=\"cooked-recipe-card-title\">Ev \u00dcsulu Hamburger<\/a>\r\n\r\n      \r\n            <a href=\"https:\/\/yuvaasia.com\/az\/recipes\/homemade-hamburger\/\" class=\"btn-custom secondary btn-block btn-sm\">Read More <i class=\"fa fa-arrow-right\"><\/i> <\/a>\r\n      \r\n    <\/div>\r\n  <\/div>\r\n\r\n<\/article>\r\n\r\n<article id=\"post-1843\" class=\"ct-recipe post-1843 cp_recipe type-cp_recipe status-publish has-post-thumbnail hentry cp_recipe_category-tea-time-recipes-az cp_recipe_category-teatime-sweet-az\">\r\n\r\n  <div class=\"ct-recipe-inner\">\r\n\r\n        <div class=\"ct-recipe-thumbnail\">\r\n\r\n      \r\n            <a href=\"https:\/\/yuvaasia.com\/az\/recipes\/rose-buns-with-raisins\/\">\r\n        <img loading=\"lazy\" decoding=\"async\" width=\"510\" height=\"286\" src=\"https:\/\/yuvaasia.com\/wp-content\/uploads\/2022\/06\/uzumlu-borek-510x286.jpeg\" class=\"attachment-cookiteer-recipe-grid size-cookiteer-recipe-grid wp-post-image\" alt=\"\" srcset=\"https:\/\/yuvaasia.com\/wp-content\/uploads\/2022\/06\/uzumlu-borek-510x286.jpeg 510w, https:\/\/yuvaasia.com\/wp-content\/uploads\/2022\/06\/uzumlu-borek-400x225.jpeg 400w\" sizes=\"(max-width: 510px) 100vw, 510px\" \/>      <\/a>\r\n          <\/div>\r\n    \r\n    <div class=\"ct-recipe-body\">\r\n              <div class=\"ct-recipe-author\">\r\n          <img alt='' src='https:\/\/secure.gravatar.com\/avatar\/93af42510323cf5a3dd9209a64f7fe30f6105888de5df66ae98a6b251f657a84?s=96&#038;d=mm&#038;r=g' class='avatar avatar-96 photo' height='96' width='96' \/>        <\/div>\r\n      \r\n      <span class=\"cooked-rating\" data-recipe-id=\"1843\"><\/span>\r\n      <span class=\"ct-recipe-difficulty\"><\/span>\r\n      <a href=\"https:\/\/yuvaasia.com\/az\/recipes\/rose-buns-with-raisins\/\" class=\"cooked-recipe-card-title\">Ki\u0307\u015fmi\u0307\u015fli\u0307 Qizilg\u00fcl<\/a>\r\n\r\n      \r\n            <a href=\"https:\/\/yuvaasia.com\/az\/recipes\/rose-buns-with-raisins\/\" class=\"btn-custom secondary btn-block btn-sm\">Read More <i class=\"fa fa-arrow-right\"><\/i> <\/a>\r\n      \r\n    <\/div>\r\n  <\/div>\r\n\r\n<\/article>\r\n\r\n<article id=\"post-1842\" class=\"ct-recipe post-1842 cp_recipe type-cp_recipe status-publish has-post-thumbnail hentry cp_recipe_category-tea-time-recipes-az cp_recipe_category-teatime-sweet-az\">\r\n\r\n  <div class=\"ct-recipe-inner\">\r\n\r\n        <div class=\"ct-recipe-thumbnail\">\r\n\r\n      \r\n            <a href=\"https:\/\/yuvaasia.com\/az\/recipes\/chocolate-hazelnut-cupcakes\/\">\r\n        <img loading=\"lazy\" decoding=\"async\" width=\"510\" height=\"286\" src=\"https:\/\/yuvaasia.com\/wp-content\/uploads\/2022\/06\/cupcake-yuva-510x286.jpeg\" class=\"attachment-cookiteer-recipe-grid size-cookiteer-recipe-grid wp-post-image\" alt=\"\" srcset=\"https:\/\/yuvaasia.com\/wp-content\/uploads\/2022\/06\/cupcake-yuva-510x286.jpeg 510w, https:\/\/yuvaasia.com\/wp-content\/uploads\/2022\/06\/cupcake-yuva-400x225.jpeg 400w\" sizes=\"(max-width: 510px) 100vw, 510px\" \/>      <\/a>\r\n          <\/div>\r\n    \r\n    <div class=\"ct-recipe-body\">\r\n              <div class=\"ct-recipe-author\">\r\n          <img alt='' src='https:\/\/secure.gravatar.com\/avatar\/93af42510323cf5a3dd9209a64f7fe30f6105888de5df66ae98a6b251f657a84?s=96&#038;d=mm&#038;r=g' class='avatar avatar-96 photo' height='96' width='96' \/>        <\/div>\r\n      \r\n      <span class=\"cooked-rating\" data-recipe-id=\"1842\"><\/span>\r\n      <span class=\"ct-recipe-difficulty\"><span class=\"cooked-difficulty-level-1\">Beginner<\/span><\/span>\r\n      <a href=\"https:\/\/yuvaasia.com\/az\/recipes\/chocolate-hazelnut-cupcakes\/\" class=\"cooked-recipe-card-title\">\u015eokoladl\u0131-F\u0131nd\u0131ql\u0131 Kapkeykl\u0259r<\/a>\r\n\r\n      \r\n            <a href=\"https:\/\/yuvaasia.com\/az\/recipes\/chocolate-hazelnut-cupcakes\/\" class=\"btn-custom secondary btn-block btn-sm\">Read More <i class=\"fa fa-arrow-right\"><\/i> <\/a>\r\n      \r\n    <\/div>\r\n  <\/div>\r\n\r\n<\/article>\r\n\r\n<article id=\"post-1841\" class=\"ct-recipe post-1841 cp_recipe type-cp_recipe status-publish has-post-thumbnail hentry cp_recipe_category-tea-time-recipes-az cp_recipe_category-teatime-sweet-az\">\r\n\r\n  <div class=\"ct-recipe-inner\">\r\n\r\n        <div class=\"ct-recipe-thumbnail\">\r\n\r\n      \r\n            <a href=\"https:\/\/yuvaasia.com\/az\/recipes\/vatrushka\/\">\r\n        <img loading=\"lazy\" decoding=\"async\" width=\"510\" height=\"286\" src=\"https:\/\/yuvaasia.com\/wp-content\/uploads\/2022\/06\/yuvaasia-Vatrushka-510x286.jpg\" class=\"attachment-cookiteer-recipe-grid size-cookiteer-recipe-grid wp-post-image\" alt=\"\" srcset=\"https:\/\/yuvaasia.com\/wp-content\/uploads\/2022\/06\/yuvaasia-Vatrushka-510x286.jpg 510w, https:\/\/yuvaasia.com\/wp-content\/uploads\/2022\/06\/yuvaasia-Vatrushka-400x225.jpg 400w\" sizes=\"(max-width: 510px) 100vw, 510px\" \/>      <\/a>\r\n          <\/div>\r\n    \r\n    <div class=\"ct-recipe-body\">\r\n              <div class=\"ct-recipe-author\">\r\n          <img alt='' src='https:\/\/secure.gravatar.com\/avatar\/93af42510323cf5a3dd9209a64f7fe30f6105888de5df66ae98a6b251f657a84?s=96&#038;d=mm&#038;r=g' class='avatar avatar-96 photo' height='96' width='96' \/>        <\/div>\r\n      \r\n      <span class=\"cooked-rating\" data-recipe-id=\"1841\"><\/span>\r\n      <span class=\"ct-recipe-difficulty\"><\/span>\r\n      <a href=\"https:\/\/yuvaasia.com\/az\/recipes\/vatrushka\/\" class=\"cooked-recipe-card-title\">Vatrushka<\/a>\r\n\r\n      \r\n            <a href=\"https:\/\/yuvaasia.com\/az\/recipes\/vatrushka\/\" class=\"btn-custom secondary btn-block btn-sm\">Read More <i class=\"fa fa-arrow-right\"><\/i> <\/a>\r\n      \r\n    <\/div>\r\n  <\/div>\r\n\r\n<\/article>\r\n<\/section><div class=\"cooked-pages-load-wrap cooked-load-more-button\"><span class=\"cooked-icon-loading-wrap\"><i class=\"cooked-icon cooked-icon-loading cooked-icon-spin\"><\/i><\/span><a href=\"#\">More recipes...<\/a><\/div>\n","protected":false},"excerpt":{"rendered":"","protected":false},"author":8,"featured_media":0,"parent":0,"menu_order":0,"comment_status":"closed","ping_status":"closed","template":"","meta":{"footnotes":""},"class_list":["post-2212","page","type-page","status-publish","hentry"],"_links":{"self":[{"href":"https:\/\/yuvaasia.com\/az\/wp-json\/wp\/v2\/pages\/2212","targetHints":{"allow":["GET"]}}],"collection":[{"href":"https:\/\/yuvaasia.com\/az\/wp-json\/wp\/v2\/pages"}],"about":[{"href":"https:\/\/yuvaasia.com\/az\/wp-json\/wp\/v2\/types\/page"}],"author":[{"embeddable":true,"href":"https:\/\/yuvaasia.com\/az\/wp-json\/wp\/v2\/users\/8"}],"replies":[{"embeddable":true,"href":"https:\/\/yuvaasia.com\/az\/wp-json\/wp\/v2\/comments?post=2212"}],"version-history":[{"count":3,"href":"https:\/\/yuvaasia.com\/az\/wp-json\/wp\/v2\/pages\/2212\/revisions"}],"predecessor-version":[{"id":2243,"href":"https:\/\/yuvaasia.com\/az\/wp-json\/wp\/v2\/pages\/2212\/revisions\/2243"}],"wp:attachment":[{"href":"https:\/\/yuvaasia.com\/az\/wp-json\/wp\/v2\/media?parent=2212"}],"curies":[{"name":"wp","href":"https:\/\/api.w.org\/{rel}","templated":true}]}}