{"id":2230,"date":"2020-01-03T07:22:42","date_gmt":"2020-01-03T04:22:42","guid":{"rendered":"https:\/\/yuvaasia.com\/contact-us\/"},"modified":"2023-05-22T11:05:30","modified_gmt":"2023-05-22T08:05:30","slug":"contact-us","status":"publish","type":"page","link":"https:\/\/yuvaasia.com\/az\/contact-us\/","title":{"rendered":"Biziml\u0259 \u0259laq\u0259 saxlay\u0131n"},"content":{"rendered":"\t\t<div data-elementor-type=\"wp-page\" data-elementor-id=\"2230\" class=\"elementor elementor-2230\">\n\t\t\t\t\t\t<section class=\"elementor-section elementor-top-section elementor-element elementor-element-d7d0a35 elementor-section-full_width elementor-section-height-default elementor-section-height-default\" data-id=\"d7d0a35\" data-element_type=\"section\" data-e-type=\"section\">\n\t\t\t\t\t\t<div class=\"elementor-container elementor-column-gap-no\">\n\t\t\t\t\t<div class=\"elementor-column elementor-col-100 elementor-top-column elementor-element elementor-element-b1c74d2\" data-id=\"b1c74d2\" data-element_type=\"column\" data-e-type=\"column\">\n\t\t\t<div class=\"elementor-widget-wrap\">\n\t\t\t\t\t\t\t<\/div>\n\t\t<\/div>\n\t\t\t\t\t<\/div>\n\t\t<\/section>\n\t\t\t\t<section class=\"elementor-section elementor-top-section elementor-element elementor-element-ba1c54d section elementor-section-boxed elementor-section-height-default elementor-section-height-default\" data-id=\"ba1c54d\" data-element_type=\"section\" data-e-type=\"section\">\n\t\t\t\t\t\t<div class=\"elementor-container elementor-column-gap-default\">\n\t\t\t\t\t<div class=\"elementor-column elementor-col-100 elementor-top-column elementor-element elementor-element-5f9171b\" data-id=\"5f9171b\" data-element_type=\"column\" data-e-type=\"column\">\n\t\t\t<div class=\"elementor-widget-wrap elementor-element-populated\">\n\t\t\t\t\t\t<div class=\"elementor-element elementor-element-d95258e elementor-widget elementor-widget-ct-title\" data-id=\"d95258e\" data-element_type=\"widget\" data-e-type=\"widget\" data-widget_type=\"ct-title.default\">\n\t\t\t\t<div class=\"elementor-widget-container\">\n\t\t\t\t\t\r\n      <div class=\"section-title-wrap text-center\">\r\n                <div class=\"ct-title-icon\"> <i aria-hidden=\"true\" class=\"flaticon flaticon-speech-bubble\"><\/i> <\/div>\r\n                        <h2 class=\"title\"> Biz\u0259 \u00e7at\u0131n <\/h2>\r\n                        <div class=\"subtitle\"> <b>M\u0259hsullar\u0131m\u0131z haqq\u0131nda daha \u00e7ox \u00f6yr\u0259nm\u0259k v\u0259 ya texniki d\u0259st\u0259k t\u0259l\u0259b etm\u0259k \u00fc\u00e7\u00fcn a\u015fa\u011f\u0131dak\u0131 formadan istifad\u0259 ed\u0259r\u0259k biziml\u0259 \u0259laq\u0259 saxlay\u0131n.<\/b> <\/div>\r\n              <\/div>\r\n\r\n      \t\t\t\t<\/div>\n\t\t\t\t<\/div>\n\t\t\t\t<section class=\"elementor-section elementor-inner-section elementor-element elementor-element-3c3bc22 elementor-section-boxed elementor-section-height-default elementor-section-height-default\" data-id=\"3c3bc22\" data-element_type=\"section\" data-e-type=\"section\">\n\t\t\t\t\t\t<div class=\"elementor-container elementor-column-gap-default\">\n\t\t\t\t\t<div class=\"elementor-column elementor-col-50 elementor-inner-column elementor-element elementor-element-a6bcfa8\" data-id=\"a6bcfa8\" data-element_type=\"column\" data-e-type=\"column\">\n\t\t\t<div class=\"elementor-widget-wrap elementor-element-populated\">\n\t\t\t\t\t\t<div class=\"elementor-element elementor-element-eb22991 elementor-widget elementor-widget-shortcode\" data-id=\"eb22991\" data-element_type=\"widget\" data-e-type=\"widget\" data-widget_type=\"shortcode.default\">\n\t\t\t\t<div class=\"elementor-widget-container\">\n\t\t\t\t\t\t\t<div class=\"elementor-shortcode\">\n<div class=\"wpcf7 no-js\" id=\"wpcf7-f4232-o1\" lang=\"az\" dir=\"ltr\" data-wpcf7-id=\"4232\">\n<div class=\"screen-reader-response\"><p role=\"status\" aria-live=\"polite\" aria-atomic=\"true\"><\/p> <ul><\/ul><\/div>\n<form action=\"\/az\/wp-json\/wp\/v2\/pages\/2230#wpcf7-f4232-o1\" method=\"post\" class=\"wpcf7-form init\" aria-label=\"Contact form\" novalidate=\"novalidate\" data-status=\"init\">\n<fieldset class=\"hidden-fields-container\"><input type=\"hidden\" name=\"_wpcf7\" value=\"4232\" \/><input type=\"hidden\" name=\"_wpcf7_version\" value=\"6.1.5\" \/><input type=\"hidden\" name=\"_wpcf7_locale\" value=\"az\" \/><input type=\"hidden\" name=\"_wpcf7_unit_tag\" value=\"wpcf7-f4232-o1\" \/><input type=\"hidden\" name=\"_wpcf7_container_post\" value=\"0\" \/><input type=\"hidden\" name=\"_wpcf7_posted_data_hash\" value=\"\" \/>\n<\/fieldset>\n<p><label> <b>Your Name<\/b><br \/>\n<span class=\"wpcf7-form-control-wrap\" data-name=\"your-name\"><input size=\"40\" maxlength=\"400\" class=\"wpcf7-form-control wpcf7-text wpcf7-validates-as-required\" aria-required=\"true\" aria-invalid=\"false\" value=\"\" type=\"text\" name=\"your-name\" \/><\/span> <\/label>\n<\/p>\n<p><label> <b>Your Surname<\/b><br \/>\n<span class=\"wpcf7-form-control-wrap\" data-name=\"your-surname\"><input size=\"40\" maxlength=\"400\" class=\"wpcf7-form-control wpcf7-text wpcf7-validates-as-required\" aria-required=\"true\" aria-invalid=\"false\" value=\"\" type=\"text\" name=\"your-surname\" \/><\/span> <\/label>\n<\/p>\n<p><label> <b>Your Email<\/b><br \/>\n<span class=\"wpcf7-form-control-wrap\" data-name=\"your-email\"><input size=\"40\" maxlength=\"400\" class=\"wpcf7-form-control wpcf7-email wpcf7-validates-as-required wpcf7-text wpcf7-validates-as-email\" aria-required=\"true\" aria-invalid=\"false\" value=\"\" type=\"email\" name=\"your-email\" \/><\/span> <\/label>\n<\/p>\n<p><label> <b>Your Phone number<\/b><br \/>\n<span class=\"wpcf7-form-control-wrap\" data-name=\"Phone\"><input size=\"40\" maxlength=\"400\" class=\"wpcf7-form-control wpcf7-tel wpcf7-validates-as-required wpcf7-text wpcf7-validates-as-tel\" aria-required=\"true\" aria-invalid=\"false\" value=\"\" type=\"tel\" name=\"Phone\" \/><\/span> <\/label>\n<\/p>\n<p><label> <b>Your Country<\/b><br \/>\n<\/label>\n<\/p>\n<div style= 'height: 5px'\/>\n<\/div>\n<p><span class=\"wpcf7-form-control-wrap\" data-name=\"Country2\"><select class=\"wpcf7-form-control wpcf7-select wpcf7-validates-as-required btn-custom-link btn-custom btn-md\" aria-required=\"true\" aria-invalid=\"false\" name=\"Country2\"><option value=\"Azerbaijan\">Azerbaijan<\/option><option value=\"Kazakhstan\">Kazakhstan<\/option><option value=\"Kyrgyzstan\">Kyrgyzstan<\/option><option value=\"Georgia\">Georgia<\/option><option value=\"Russia\">Russia<\/option><option value=\"Turkey\">Turkey<\/option><\/select><\/span>\n<\/p>\n<p><label> <b>Subject<\/b><br \/>\n<span class=\"wpcf7-form-control-wrap\" data-name=\"your-subject\"><input size=\"40\" maxlength=\"400\" class=\"wpcf7-form-control wpcf7-text wpcf7-validates-as-required\" aria-required=\"true\" aria-invalid=\"false\" value=\"\" type=\"text\" name=\"your-subject\" \/><\/span> <\/label>\n<\/p>\n<p><label> <b>Your message<\/b> (optional)<br \/>\n<span class=\"wpcf7-form-control-wrap\" data-name=\"your-message\"><textarea cols=\"40\" rows=\"10\" maxlength=\"2000\" class=\"wpcf7-form-control wpcf7-textarea\" aria-invalid=\"false\" name=\"your-message\"><\/textarea><\/span> <\/label>\n<\/p>\n<p><input class=\"wpcf7-form-control wpcf7-submit has-spinner\" type=\"submit\" value=\"Submit\" \/>\n<\/p><div class=\"wpcf7-response-output\" aria-hidden=\"true\"><\/div>\n<\/form>\n<\/div>\n<\/div>\n\t\t\t\t\t\t<\/div>\n\t\t\t\t<\/div>\n\t\t\t\t\t<\/div>\n\t\t<\/div>\n\t\t\t\t<div class=\"elementor-column elementor-col-50 elementor-inner-column elementor-element elementor-element-da9d168\" data-id=\"da9d168\" data-element_type=\"column\" data-e-type=\"column\">\n\t\t\t<div class=\"elementor-widget-wrap elementor-element-populated\">\n\t\t\t\t\t\t<div class=\"elementor-element elementor-element-230e808 elementor-widget elementor-widget-text-editor\" data-id=\"230e808\" data-element_type=\"widget\" data-e-type=\"widget\" data-widget_type=\"text-editor.default\">\n\t\t\t\t<div class=\"elementor-widget-container\">\n\t\t\t\t\t\t\t\t\t<p>Toplu al\u0131\u015flar axtar\u0131rs\u0131n\u0131z v\u0259 ya biznesl\u0259 ba\u011fl\u0131 suallar\u0131n\u0131z var?<br \/>\nNec\u0259 k\u00f6m\u0259k ed\u0259 bil\u0259c\u0259yimizi \u00f6yr\u0259nm\u0259k \u00fc\u00e7\u00fcn buraya bax\u0131n.<\/p>\n\t\t\t\t\t\t\t\t<\/div>\n\t\t\t\t<\/div>\n\t\t\t\t<div class=\"elementor-element elementor-element-5a44fac elementor-widget elementor-widget-ct-accordion\" data-id=\"5a44fac\" data-element_type=\"widget\" data-e-type=\"widget\" data-widget_type=\"ct-accordion.default\">\n\t\t\t\t<div class=\"elementor-widget-container\">\n\t\t\t\t\t        <div class=\"accordion with-gap\" id=\"bKjfzm\">\r\n\r\n          \r\n            <div class=\"card\">\r\n              <div id=\"pAVuXA-heading-0\" class=\"card-header\" data-toggle=\"collapse\" data-target=\"#pAVuXA-0\" role=\"button\" aria-expanded=\"true\" aria-controls=\"pAVuXA-0\">\r\n\r\n                                <div >\r\n                  Purchasing Products                <\/div>\r\n              <\/div>\r\n\r\n              <div id=\"pAVuXA-0\" class=\"collapse show\" aria-labelledby=\"pAVuXA-heading-0\" data-parent=\"#bKjfzm\" aria-controls=\"pAVuXA-0\">\r\n                <div class=\"card-body entry-content\">\r\n                                  <\/div>\r\n              <\/div>\r\n            <\/div>\r\n\r\n    \t\t\t\r\n            <div class=\"card\">\r\n              <div id=\"Mvsfdx-heading-1\" class=\"card-header\" data-toggle=\"collapse\" data-target=\"#Mvsfdx-1\" role=\"button\" aria-expanded=\"false\" aria-controls=\"Mvsfdx-1\">\r\n\r\n                                <div >\r\n                  Adding Recipes                <\/div>\r\n              <\/div>\r\n\r\n              <div id=\"Mvsfdx-1\" class=\"collapse \" aria-labelledby=\"Mvsfdx-heading-1\" data-parent=\"#bKjfzm\" aria-controls=\"Mvsfdx-1\">\r\n                <div class=\"card-body entry-content\">\r\n                                  <\/div>\r\n              <\/div>\r\n            <\/div>\r\n\r\n    \t\t\t\r\n            <div class=\"card\">\r\n              <div id=\"PttVgq-heading-2\" class=\"card-header\" data-toggle=\"collapse\" data-target=\"#PttVgq-2\" role=\"button\" aria-expanded=\"false\" aria-controls=\"PttVgq-2\">\r\n\r\n                                <div >\r\n                  Creating an Account                <\/div>\r\n              <\/div>\r\n\r\n              <div id=\"PttVgq-2\" class=\"collapse \" aria-labelledby=\"PttVgq-heading-2\" data-parent=\"#bKjfzm\" aria-controls=\"PttVgq-2\">\r\n                <div class=\"card-body entry-content\">\r\n                                  <\/div>\r\n              <\/div>\r\n            <\/div>\r\n\r\n    \t\t\t\r\n            <div class=\"card\">\r\n              <div id=\"RJlLXD-heading-3\" class=\"card-header\" data-toggle=\"collapse\" data-target=\"#RJlLXD-3\" role=\"button\" aria-expanded=\"false\" aria-controls=\"RJlLXD-3\">\r\n\r\n                                <div >\r\n                  Contributing to recipes                <\/div>\r\n              <\/div>\r\n\r\n              <div id=\"RJlLXD-3\" class=\"collapse \" aria-labelledby=\"RJlLXD-heading-3\" data-parent=\"#bKjfzm\" aria-controls=\"RJlLXD-3\">\r\n                <div class=\"card-body entry-content\">\r\n                                  <\/div>\r\n              <\/div>\r\n            <\/div>\r\n\r\n    \t\t\t\r\n        <\/div>\r\n      \t\t\t\t<\/div>\n\t\t\t\t<\/div>\n\t\t\t\t\t<\/div>\n\t\t<\/div>\n\t\t\t\t\t<\/div>\n\t\t<\/section>\n\t\t\t\t\t<\/div>\n\t\t<\/div>\n\t\t\t\t\t<\/div>\n\t\t<\/section>\n\t\t\t\t<\/div>\n\t\t","protected":false},"excerpt":{"rendered":"<p>Biz\u0259 \u00e7at\u0131n M\u0259hsullar\u0131m\u0131z haqq\u0131nda daha \u00e7ox \u00f6yr\u0259nm\u0259k v\u0259 ya texniki d\u0259st\u0259k t\u0259l\u0259b etm\u0259k \u00fc\u00e7\u00fcn a\u015fa\u011f\u0131dak\u0131 formadan istifad\u0259 ed\u0259r\u0259k biziml\u0259 \u0259laq\u0259 saxlay\u0131n. Toplu al\u0131\u015flar axtar\u0131rs\u0131n\u0131z v\u0259 ya biznesl\u0259 ba\u011fl\u0131 suallar\u0131n\u0131z var? Nec\u0259 k\u00f6m\u0259k ed\u0259 bil\u0259c\u0259yimizi \u00f6yr\u0259nm\u0259k \u00fc\u00e7\u00fcn buraya bax\u0131n. Purchasing Products Adding Recipes Creating an Account Contributing to recipes<\/p>\n","protected":false},"author":8,"featured_media":0,"parent":0,"menu_order":0,"comment_status":"closed","ping_status":"closed","template":"","meta":{"footnotes":""},"class_list":["post-2230","page","type-page","status-publish","hentry"],"_links":{"self":[{"href":"https:\/\/yuvaasia.com\/az\/wp-json\/wp\/v2\/pages\/2230","targetHints":{"allow":["GET"]}}],"collection":[{"href":"https:\/\/yuvaasia.com\/az\/wp-json\/wp\/v2\/pages"}],"about":[{"href":"https:\/\/yuvaasia.com\/az\/wp-json\/wp\/v2\/types\/page"}],"author":[{"embeddable":true,"href":"https:\/\/yuvaasia.com\/az\/wp-json\/wp\/v2\/users\/8"}],"replies":[{"embeddable":true,"href":"https:\/\/yuvaasia.com\/az\/wp-json\/wp\/v2\/comments?post=2230"}],"version-history":[{"count":11,"href":"https:\/\/yuvaasia.com\/az\/wp-json\/wp\/v2\/pages\/2230\/revisions"}],"predecessor-version":[{"id":4241,"href":"https:\/\/yuvaasia.com\/az\/wp-json\/wp\/v2\/pages\/2230\/revisions\/4241"}],"wp:attachment":[{"href":"https:\/\/yuvaasia.com\/az\/wp-json\/wp\/v2\/media?parent=2230"}],"curies":[{"name":"wp","href":"https:\/\/api.w.org\/{rel}","templated":true}]}}