{"id":2274,"date":"2020-03-03T07:08:42","date_gmt":"2020-03-03T04:08:42","guid":{"rendered":"https:\/\/yuvaasia.com\/m%c9%99hsullar\/"},"modified":"2023-05-22T12:10:11","modified_gmt":"2023-05-22T09:10:11","slug":"m%c9%99hsullar","status":"publish","type":"page","link":"https:\/\/yuvaasia.com\/az\/m%c9%99hsullar\/","title":{"rendered":"M\u0259hsullar"},"content":{"rendered":"\t\t<div data-elementor-type=\"wp-page\" data-elementor-id=\"2274\" class=\"elementor elementor-2274\">\n\t\t\t\t\t\t<section class=\"elementor-section elementor-top-section elementor-element elementor-element-3bc787b elementor-section-boxed elementor-section-height-default elementor-section-height-default\" data-id=\"3bc787b\" data-element_type=\"section\" data-e-type=\"section\">\n\t\t\t\t\t\t<div class=\"elementor-container elementor-column-gap-default\">\n\t\t\t\t\t<div class=\"elementor-column elementor-col-100 elementor-top-column elementor-element elementor-element-15eaa23\" data-id=\"15eaa23\" data-element_type=\"column\" data-e-type=\"column\">\n\t\t\t<div class=\"elementor-widget-wrap elementor-element-populated\">\n\t\t\t\t\t\t<div class=\"elementor-element elementor-element-68d10e8 elementor-widget elementor-widget-spacer\" data-id=\"68d10e8\" data-element_type=\"widget\" data-e-type=\"widget\" data-widget_type=\"spacer.default\">\n\t\t\t\t<div class=\"elementor-widget-container\">\n\t\t\t\t\t\t\t<div class=\"elementor-spacer\">\n\t\t\t<div class=\"elementor-spacer-inner\"><\/div>\n\t\t<\/div>\n\t\t\t\t\t\t<\/div>\n\t\t\t\t<\/div>\n\t\t\t\t<div class=\"elementor-element elementor-element-6d9dab0 elementor-widget elementor-widget-ct-title\" data-id=\"6d9dab0\" data-element_type=\"widget\" data-e-type=\"widget\" data-widget_type=\"ct-title.default\">\n\t\t\t\t<div class=\"elementor-widget-container\">\n\t\t\t\t\t\r\n      <div class=\"section-title-wrap text-center\">\r\n                <div class=\"ct-title-icon\"> <i aria-hidden=\"true\" class=\"flaticon flaticon-shopping-bag\"><\/i> <\/div>\r\n                        <h2 class=\"title\"> B\u00fct\u00fcn M\u0259hsullar <\/h2>\r\n                        <div class=\"subtitle\"> Yuva Hoba m\u0259hsullar\u0131n\u0131n b\u00fct\u00fcn \u00e7e\u015fidl\u0259rini burada k\u0259\u015ff edin v\u0259 \u00f6z\u00fcn\u00fcz\u00fc tap\u0131n! <\/div>\r\n              <\/div>\r\n\r\n      \t\t\t\t<\/div>\n\t\t\t\t<\/div>\n\t\t\t\t\t<\/div>\n\t\t<\/div>\n\t\t\t\t\t<\/div>\n\t\t<\/section>\n\t\t\t\t<section class=\"elementor-section elementor-top-section elementor-element elementor-element-79ea229 product-item elementor-section-boxed elementor-section-height-default elementor-section-height-default\" data-id=\"79ea229\" data-element_type=\"section\" data-e-type=\"section\">\n\t\t\t\t\t\t<div class=\"elementor-container elementor-column-gap-default\">\n\t\t\t\t\t<div class=\"elementor-column elementor-col-100 elementor-top-column elementor-element elementor-element-6f0e7c6\" data-id=\"6f0e7c6\" data-element_type=\"column\" data-e-type=\"column\">\n\t\t\t<div class=\"elementor-widget-wrap\">\n\t\t\t\t\t\t\t<\/div>\n\t\t<\/div>\n\t\t\t\t\t<\/div>\n\t\t<\/section>\n\t\t\t\t<section class=\"elementor-section elementor-top-section elementor-element elementor-element-9aae6c6 elementor-section-boxed elementor-section-height-default elementor-section-height-default\" data-id=\"9aae6c6\" data-element_type=\"section\" data-e-type=\"section\">\n\t\t\t\t\t\t<div class=\"elementor-container elementor-column-gap-default\">\n\t\t\t\t\t<div class=\"elementor-column elementor-col-100 elementor-top-column elementor-element elementor-element-32b1a48\" data-id=\"32b1a48\" data-element_type=\"column\" data-e-type=\"column\">\n\t\t\t<div class=\"elementor-widget-wrap elementor-element-populated\">\n\t\t\t\t\t\t<div class=\"elementor-element elementor-element-75cbc5b elementor-widget elementor-widget-spacer\" data-id=\"75cbc5b\" data-element_type=\"widget\" data-e-type=\"widget\" data-widget_type=\"spacer.default\">\n\t\t\t\t<div class=\"elementor-widget-container\">\n\t\t\t\t\t\t\t<div class=\"elementor-spacer\">\n\t\t\t<div class=\"elementor-spacer-inner\"><\/div>\n\t\t<\/div>\n\t\t\t\t\t\t<\/div>\n\t\t\t\t<\/div>\n\t\t\t\t\t<\/div>\n\t\t<\/div>\n\t\t\t\t\t<\/div>\n\t\t<\/section>\n\t\t\t\t<section class=\"elementor-section elementor-top-section elementor-element elementor-element-4eb7c02 elementor-section-boxed elementor-section-height-default elementor-section-height-default\" data-id=\"4eb7c02\" data-element_type=\"section\" data-e-type=\"section\">\n\t\t\t\t\t\t<div class=\"elementor-container elementor-column-gap-default\">\n\t\t\t\t\t<div class=\"elementor-column elementor-col-100 elementor-top-column elementor-element elementor-element-e56b76b\" data-id=\"e56b76b\" data-element_type=\"column\" data-e-type=\"column\">\n\t\t\t<div class=\"elementor-widget-wrap elementor-element-populated\">\n\t\t\t\t\t\t<div class=\"elementor-element elementor-element-54ab1ff elementor-widget elementor-widget-ct-title\" data-id=\"54ab1ff\" data-element_type=\"widget\" data-e-type=\"widget\" data-widget_type=\"ct-title.default\">\n\t\t\t\t<div class=\"elementor-widget-container\">\n\t\t\t\t\t\r\n      <div class=\"section-title-wrap text-center\">\r\n                <div class=\"ct-title-icon\"> <i aria-hidden=\"true\" class=\"fab fa-instagram\"><\/i> <\/div>\r\n                        <h2 class=\"title\"> \u0130cmam\u0131za Qo\u015fulun <\/h2>\r\n                        <div class=\"subtitle\"> \u0130cmam\u0131za qo\u015fulun v\u0259 Maya xan\u0131mla #YuvaVitality-d\u0259n h\u0259zz al\u0131n <\/div>\r\n              <\/div>\r\n\r\n      \t\t\t\t<\/div>\n\t\t\t\t<\/div>\n\t\t\t\t\t<\/div>\n\t\t<\/div>\n\t\t\t\t\t<\/div>\n\t\t<\/section>\n\t\t\t\t<section class=\"elementor-section elementor-top-section elementor-element elementor-element-9103cf6 elementor-section-boxed elementor-section-height-default elementor-section-height-default\" data-id=\"9103cf6\" data-element_type=\"section\" data-e-type=\"section\">\n\t\t\t\t\t\t<div class=\"elementor-container elementor-column-gap-default\">\n\t\t\t\t\t<div class=\"elementor-column elementor-col-100 elementor-top-column elementor-element elementor-element-75a5e1f\" data-id=\"75a5e1f\" data-element_type=\"column\" data-e-type=\"column\">\n\t\t\t<div class=\"elementor-widget-wrap elementor-element-populated\">\n\t\t\t\t\t\t<div class=\"elementor-element elementor-element-9a4e6ef elementor-widget elementor-widget-shortcode\" data-id=\"9a4e6ef\" data-element_type=\"widget\" data-e-type=\"widget\" data-widget_type=\"shortcode.default\">\n\t\t\t\t<div class=\"elementor-widget-container\">\n\t\t\t\t\t\t\t<div class=\"elementor-shortcode\">\n<div id=\"sb_instagram\"  class=\"sbi sbi_mob_col_1 sbi_tab_col_2 sbi_col_4 sbi_width_resp sbi_palette_custom_2\" style=\"padding-bottom: 10px;\"\t data-feedid=\"*2\"  data-res=\"auto\" data-cols=\"4\" data-colsmobile=\"1\" data-colstablet=\"2\" data-num=\"4\" data-nummobile=\"4\" data-item-padding=\"5\"\t data-shortcode-atts=\"{&quot;feed&quot;:&quot;2&quot;}\"  data-postid=\"2274\" data-locatornonce=\"7085329ca6\" data-imageaspectratio=\"1:1\" data-sbi-flags=\"favorLocal\">\n\t\n\t<div id=\"sbi_images\"  style=\"gap: 10px;\">\n\t\t\t<\/div>\n\n\t<div id=\"sbi_load\" >\n\n\t\n\t\t\t<span class=\"sbi_follow_btn\" >\n\t\t\t<a target=\"_blank\"\n\t\t\t\trel=\"nofollow noopener\"  href=\"https:\/\/www.instagram.com\/17841410126476437\/\">\n\t\t\t\t<svg class=\"svg-inline--fa fa-instagram fa-w-14\" aria-hidden=\"true\" data-fa-processed=\"\" aria-label=\"Instagram\" data-prefix=\"fab\" data-icon=\"instagram\" role=\"img\" viewBox=\"0 0 448 512\">\n                    <path fill=\"currentColor\" d=\"M224.1 141c-63.6 0-114.9 51.3-114.9 114.9s51.3 114.9 114.9 114.9S339 319.5 339 255.9 287.7 141 224.1 141zm0 189.6c-41.1 0-74.7-33.5-74.7-74.7s33.5-74.7 74.7-74.7 74.7 33.5 74.7 74.7-33.6 74.7-74.7 74.7zm146.4-194.3c0 14.9-12 26.8-26.8 26.8-14.9 0-26.8-12-26.8-26.8s12-26.8 26.8-26.8 26.8 12 26.8 26.8zm76.1 27.2c-1.7-35.9-9.9-67.7-36.2-93.9-26.2-26.2-58-34.4-93.9-36.2-37-2.1-147.9-2.1-184.9 0-35.8 1.7-67.6 9.9-93.9 36.1s-34.4 58-36.2 93.9c-2.1 37-2.1 147.9 0 184.9 1.7 35.9 9.9 67.7 36.2 93.9s58 34.4 93.9 36.2c37 2.1 147.9 2.1 184.9 0 35.9-1.7 67.7-9.9 93.9-36.2 26.2-26.2 34.4-58 36.2-93.9 2.1-37 2.1-147.8 0-184.8zM398.8 388c-7.8 19.6-22.9 34.7-42.6 42.6-29.5 11.7-99.5 9-132.1 9s-102.7 2.6-132.1-9c-19.6-7.8-34.7-22.9-42.6-42.6-11.7-29.5-9-99.5-9-132.1s-2.6-102.7 9-132.1c7.8-19.6 22.9-34.7 42.6-42.6 29.5-11.7 99.5-9 132.1-9s102.7-2.6 132.1 9c19.6 7.8 34.7 22.9 42.6 42.6 11.7 29.5 9 99.5 9 132.1s2.7 102.7-9 132.1z\"><\/path>\n                <\/svg>\t\t\t\t<span>Follow on Instagram<\/span>\n\t\t\t<\/a>\n\t\t<\/span>\n\t\n<\/div>\n\t\t<span class=\"sbi_resized_image_data\" data-feed-id=\"*2\"\n\t\t  data-resized=\"[]\">\n\t<\/span>\n\t<\/div>\n\n\t<style type=\"text\/css\">\n\t\t\t\t\t\t\t\t\t\t\t\t#sb_instagram.sbi_palette_custom_2 #sbi_load .sbi_load_btn {\n\t\t\tbackground: #FFC104;\n\t\t}\n\n\t\t\t\t\t\t#sb_instagram.sbi_palette_custom_2 #sbi_load .sbi_follow_btn a {\n\t\t\tbackground: #E92B2B;\n\t\t}\n\n\t\t\t<\/style>\n\t<\/div>\n\t\t\t\t\t\t<\/div>\n\t\t\t\t<\/div>\n\t\t\t\t\t<\/div>\n\t\t<\/div>\n\t\t\t\t\t<\/div>\n\t\t<\/section>\n\t\t\t\t<section class=\"elementor-section elementor-top-section elementor-element elementor-element-e61eb3f elementor-section-boxed elementor-section-height-default elementor-section-height-default\" data-id=\"e61eb3f\" data-element_type=\"section\" data-e-type=\"section\">\n\t\t\t\t\t\t<div class=\"elementor-container elementor-column-gap-default\">\n\t\t\t\t\t<div class=\"elementor-column elementor-col-100 elementor-top-column elementor-element elementor-element-8c330a0\" data-id=\"8c330a0\" data-element_type=\"column\" data-e-type=\"column\">\n\t\t\t<div class=\"elementor-widget-wrap elementor-element-populated\">\n\t\t\t\t\t\t<div class=\"elementor-element elementor-element-e271031 elementor-widget elementor-widget-spacer\" data-id=\"e271031\" data-element_type=\"widget\" data-e-type=\"widget\" data-widget_type=\"spacer.default\">\n\t\t\t\t<div class=\"elementor-widget-container\">\n\t\t\t\t\t\t\t<div class=\"elementor-spacer\">\n\t\t\t<div class=\"elementor-spacer-inner\"><\/div>\n\t\t<\/div>\n\t\t\t\t\t\t<\/div>\n\t\t\t\t<\/div>\n\t\t\t\t\t<\/div>\n\t\t<\/div>\n\t\t\t\t\t<\/div>\n\t\t<\/section>\n\t\t\t\t<\/div>\n\t\t","protected":false},"excerpt":{"rendered":"<p>B\u00fct\u00fcn M\u0259hsullar Yuva Hoba m\u0259hsullar\u0131n\u0131n b\u00fct\u00fcn \u00e7e\u015fidl\u0259rini burada k\u0259\u015ff edin v\u0259 \u00f6z\u00fcn\u00fcz\u00fc tap\u0131n! Yuva Hoba &#8211; Aktif Kuru maya &#8211; 80g Read more Yuva Hoba &#8211; Aktif kuru maya &#8211; 100g Read more Yuva Hoba &#8211; Instant Kuru maya &#8211; 15g Read more \u0130cmam\u0131za Qo\u015fulun \u0130cmam\u0131za qo\u015fulun v\u0259 Maya xan\u0131mla #YuvaVitality-d\u0259n h\u0259zz al\u0131n<\/p>\n","protected":false},"author":8,"featured_media":0,"parent":0,"menu_order":0,"comment_status":"closed","ping_status":"closed","template":"","meta":{"footnotes":""},"class_list":["post-2274","page","type-page","status-publish","hentry"],"_links":{"self":[{"href":"https:\/\/yuvaasia.com\/az\/wp-json\/wp\/v2\/pages\/2274","targetHints":{"allow":["GET"]}}],"collection":[{"href":"https:\/\/yuvaasia.com\/az\/wp-json\/wp\/v2\/pages"}],"about":[{"href":"https:\/\/yuvaasia.com\/az\/wp-json\/wp\/v2\/types\/page"}],"author":[{"embeddable":true,"href":"https:\/\/yuvaasia.com\/az\/wp-json\/wp\/v2\/users\/8"}],"replies":[{"embeddable":true,"href":"https:\/\/yuvaasia.com\/az\/wp-json\/wp\/v2\/comments?post=2274"}],"version-history":[{"count":5,"href":"https:\/\/yuvaasia.com\/az\/wp-json\/wp\/v2\/pages\/2274\/revisions"}],"predecessor-version":[{"id":4313,"href":"https:\/\/yuvaasia.com\/az\/wp-json\/wp\/v2\/pages\/2274\/revisions\/4313"}],"wp:attachment":[{"href":"https:\/\/yuvaasia.com\/az\/wp-json\/wp\/v2\/media?parent=2274"}],"curies":[{"name":"wp","href":"https:\/\/api.w.org\/{rel}","templated":true}]}}