{"id":5307,"date":"2025-06-06T07:39:26","date_gmt":"2025-06-06T04:39:26","guid":{"rendered":"https:\/\/yuvaasia.com\/haqqimizda\/"},"modified":"2025-06-06T08:28:06","modified_gmt":"2025-06-06T05:28:06","slug":"about","status":"publish","type":"page","link":"https:\/\/yuvaasia.com\/az\/about\/","title":{"rendered":"Haqq\u0131m\u0131zda"},"content":{"rendered":"\t\t<div data-elementor-type=\"wp-page\" data-elementor-id=\"5307\" class=\"elementor elementor-5307\">\n\t\t\t\t\t\t<section class=\"elementor-section elementor-top-section elementor-element elementor-element-7628155e elementor-section-boxed elementor-section-height-default elementor-section-height-default\" data-id=\"7628155e\" data-element_type=\"section\" data-e-type=\"section\">\n\t\t\t\t\t\t<div class=\"elementor-container elementor-column-gap-default\">\n\t\t\t\t\t<div class=\"elementor-column elementor-col-100 elementor-top-column elementor-element elementor-element-37095e66\" data-id=\"37095e66\" data-element_type=\"column\" data-e-type=\"column\">\n\t\t\t<div class=\"elementor-widget-wrap elementor-element-populated\">\n\t\t\t\t\t\t<section class=\"elementor-section elementor-inner-section elementor-element elementor-element-2d3cdc68 elementor-section-full_width elementor-section-height-default elementor-section-height-default\" data-id=\"2d3cdc68\" data-element_type=\"section\" data-e-type=\"section\">\n\t\t\t\t\t\t<div class=\"elementor-container elementor-column-gap-extended\">\n\t\t\t\t\t<div class=\"elementor-column elementor-col-50 elementor-inner-column elementor-element elementor-element-35a2676f\" data-id=\"35a2676f\" data-element_type=\"column\" data-e-type=\"column\">\n\t\t\t<div class=\"elementor-widget-wrap elementor-element-populated\">\n\t\t\t\t\t\t<div class=\"elementor-element elementor-element-3422c3a6 elementor-widget elementor-widget-ct-image\" data-id=\"3422c3a6\" data-element_type=\"widget\" data-e-type=\"widget\" data-widget_type=\"ct-image.default\">\n\t\t\t\t<div class=\"elementor-widget-container\">\n\t\t\t\t\t        <div class=\"ct-single-img-wrapper\">\r\n          <img decoding=\"async\" src=\"https:\/\/yuvaasia.com\/wp-content\/uploads\/2022\/10\/yuva-home-about.jpeg\" alt=\"About\">\r\n          <div class=\"ct-dots\"><\/div>\r\n        <\/div>\r\n        \t\t\t\t<\/div>\n\t\t\t\t<\/div>\n\t\t\t\t\t<\/div>\n\t\t<\/div>\n\t\t\t\t<div class=\"elementor-column elementor-col-50 elementor-inner-column elementor-element elementor-element-68df51b7 mr-lg-30\" data-id=\"68df51b7\" data-element_type=\"column\" data-e-type=\"column\">\n\t\t\t<div class=\"elementor-widget-wrap elementor-element-populated\">\n\t\t\t\t\t\t<div class=\"elementor-element elementor-element-52708e34 elementor-widget elementor-widget-text-editor\" data-id=\"52708e34\" data-element_type=\"widget\" data-e-type=\"widget\" data-widget_type=\"text-editor.default\">\n\t\t\t\t<div class=\"elementor-widget-container\">\n\t\t\t\t\t\t\t\t\t<h3 class=\"title\">Yuva Hoba h\u0259mi\u015f\u0259 s\u0259nin yan\u0131nda!\u00a0<\/h3><p>\u00a0<\/p><p>Lesaffre qrupunun bir hiss\u0259si, el\u0259c\u0259 d\u0259 maya v\u0259 fermentasiya \u00fczr\u0259 d\u00fcnyan\u0131n apar\u0131c\u0131 istehsal\u00e7\u0131s\u0131 olan <strong>Yuva Hoba<\/strong> bir\u00a0<strong>\u015f\u00f6vq<\/strong> hekay\u0259sidir. Yuva Hoba \u00f6z f\u0259aliyy\u0259tin\u0259 \u00e7\u00f6r\u0259k v\u0259 un m\u0259mulatlar\u0131n\u0131n haz\u0131rlanmas\u0131nda ba\u015fl\u0131ca inqrediyent hesab olunan mayan\u0131n istifad\u0259 olundu\u011fu \u00e7\u00f6r\u0259k\u00e7ilik il\u0259 ba\u015flay\u0131b.<\/p><p>Bug\u00fcn biz Yuva Hoba m\u0259hsullar\u0131n\u0131 <strong>M\u0259rk\u0259zi Asiya<\/strong> \u00f6lk\u0259l\u0259rind\u0259ki m\u00fc\u015ft\u0259ril\u0259r\u0259 t\u0259klif edirik; sizin \u0259n yax\u015f\u0131 v\u0259 s\u00fcr\u0259tli n\u0259tic\u0259l\u0259r \u0259ld\u0259 etm\u0259yiniz \u00fc\u00e7\u00fcn biz \u00e7\u00f6r\u0259k v\u0259 un m\u0259mulatlar\u0131n\u0131n haz\u0131rlanmas\u0131nda sizin bir n\u00f6mr\u0259li k\u00f6m\u0259k\u00e7iniz olmaq \u00fc\u00e7\u00fcn s\u0259yl\u0259 \u00e7al\u0131\u015f\u0131r\u0131q.<\/p>\t\t\t\t\t\t\t\t<\/div>\n\t\t\t\t<\/div>\n\t\t\t\t\t<\/div>\n\t\t<\/div>\n\t\t\t\t\t<\/div>\n\t\t<\/section>\n\t\t\t\t\t<\/div>\n\t\t<\/div>\n\t\t\t\t\t<\/div>\n\t\t<\/section>\n\t\t\t\t<section class=\"elementor-section elementor-top-section elementor-element elementor-element-2e9fb3da section section-padding dark-overlay elementor-section-boxed elementor-section-height-default elementor-section-height-default\" data-id=\"2e9fb3da\" data-element_type=\"section\" data-e-type=\"section\" data-settings=\"{&quot;background_background&quot;:&quot;classic&quot;}\">\n\t\t\t\t\t\t<div class=\"elementor-container elementor-column-gap-extended\">\n\t\t\t\t\t<div class=\"elementor-column elementor-col-100 elementor-top-column elementor-element elementor-element-74a74e28\" data-id=\"74a74e28\" data-element_type=\"column\" data-e-type=\"column\">\n\t\t\t<div class=\"elementor-widget-wrap elementor-element-populated\">\n\t\t\t\t\t\t<div class=\"elementor-element elementor-element-4565635d elementor-widget elementor-widget-ct-title\" data-id=\"4565635d\" data-element_type=\"widget\" data-e-type=\"widget\" data-widget_type=\"ct-title.default\">\n\t\t\t\t<div class=\"elementor-widget-container\">\n\t\t\t\t\t\r\n      <div class=\"section-title-wrap text-center\">\r\n                <div class=\"ct-title-icon\"> <i aria-hidden=\"true\" class=\"flaticon flaticon-chef\"><\/i> <\/div>\r\n                        <h2 class=\"title\"> Baking Center <\/h2>\r\n                        <div class=\"subtitle\"> <b>Lesaffre Baking Center\u2122-in d\u00fcnya \u00fczr\u0259 38 filial\u0131 m\u00f6vcud oldu\u011funu bilirsinizmi? <br>1974-c\u00fc ild\u0259 Fransada a\u00e7\u0131lan Baking Center\u2122 Lesaffrenin istehsal sirl\u0259rini d\u00fcnya \u00fczr\u0259 \u00e7\u00f6r\u0259k istehsal\u00e7\u0131lar\u0131 v\u0259 ev \u015f\u0259raitind\u0259 \u00e7\u00f6r\u0259k haz\u0131rlayan \u015f\u0259xsl\u0259r il\u0259 b\u00f6l\u00fc\u015f\u0259n m\u0259rk\u0259z\u0259 \u00e7evrilib. <\/b> <\/div>\r\n              <\/div>\r\n\r\n      \t\t\t\t<\/div>\n\t\t\t\t<\/div>\n\t\t\t\t<div class=\"elementor-element elementor-element-31c8cc4 elementor-widget elementor-widget-menu-anchor\" data-id=\"31c8cc4\" data-element_type=\"widget\" data-e-type=\"widget\" data-widget_type=\"menu-anchor.default\">\n\t\t\t\t<div class=\"elementor-widget-container\">\n\t\t\t\t\t\t\t<div class=\"elementor-menu-anchor\" id=\"bakingcenter\"><\/div>\n\t\t\t\t\t\t<\/div>\n\t\t\t\t<\/div>\n\t\t\t\t\t<\/div>\n\t\t<\/div>\n\t\t\t\t\t<\/div>\n\t\t<\/section>\n\t\t\t\t<section class=\"elementor-section elementor-top-section elementor-element elementor-element-7bd46a9 section  elementor-section-boxed elementor-section-height-default elementor-section-height-default\" data-id=\"7bd46a9\" data-element_type=\"section\" data-e-type=\"section\">\n\t\t\t\t\t\t<div class=\"elementor-container elementor-column-gap-extended\">\n\t\t\t\t\t<div class=\"elementor-column elementor-col-100 elementor-top-column elementor-element elementor-element-690c9f35\" data-id=\"690c9f35\" data-element_type=\"column\" data-e-type=\"column\">\n\t\t\t<div class=\"elementor-widget-wrap elementor-element-populated\">\n\t\t\t\t\t\t<div class=\"elementor-element elementor-element-9588e36 elementor-widget elementor-widget-ct-title\" data-id=\"9588e36\" data-element_type=\"widget\" data-e-type=\"widget\" data-widget_type=\"ct-title.default\">\n\t\t\t\t<div class=\"elementor-widget-container\">\n\t\t\t\t\t\r\n      <div class=\"section-title-wrap text-center\">\r\n                <div class=\"ct-title-icon\"> <i aria-hidden=\"true\" class=\"fab fa-instagram\"><\/i> <\/div>\r\n                        <h2 class=\"title\"> Bizi Instagram-da izl\u0259yin <\/h2>\r\n                        <div class=\"subtitle\"> <b>\u0130cmam\u0131za qo\u015fulun v\u0259 Maya xan\u0131mla #YuvaVitality-d\u0259n h\u0259zz al\u0131n<\/b> <\/div>\r\n              <\/div>\r\n\r\n      \t\t\t\t<\/div>\n\t\t\t\t<\/div>\n\t\t\t\t<div class=\"elementor-element elementor-element-dea3fe5 elementor-widget elementor-widget-shortcode\" data-id=\"dea3fe5\" data-element_type=\"widget\" data-e-type=\"widget\" data-widget_type=\"shortcode.default\">\n\t\t\t\t<div class=\"elementor-widget-container\">\n\t\t\t\t\t\t\t<div class=\"elementor-shortcode\">\n<div id=\"sb_instagram\"  class=\"sbi sbi_mob_col_1 sbi_tab_col_2 sbi_col_4 sbi_width_resp sbi_palette_custom_2\" style=\"padding-bottom: 10px;\"\t data-feedid=\"*2\"  data-res=\"auto\" data-cols=\"4\" data-colsmobile=\"1\" data-colstablet=\"2\" data-num=\"4\" data-nummobile=\"4\" data-item-padding=\"5\"\t data-shortcode-atts=\"{&quot;feed&quot;:&quot;2&quot;}\"  data-postid=\"5307\" data-locatornonce=\"56860b5756\" data-imageaspectratio=\"1:1\" data-sbi-flags=\"favorLocal\">\n\t\n\t<div id=\"sbi_images\"  style=\"gap: 10px;\">\n\t\t\t<\/div>\n\n\t<div id=\"sbi_load\" >\n\n\t\n\t\t\t<span class=\"sbi_follow_btn\" >\n\t\t\t<a target=\"_blank\"\n\t\t\t\trel=\"nofollow noopener\"  href=\"https:\/\/www.instagram.com\/17841410126476437\/\">\n\t\t\t\t<svg class=\"svg-inline--fa fa-instagram fa-w-14\" aria-hidden=\"true\" data-fa-processed=\"\" aria-label=\"Instagram\" data-prefix=\"fab\" data-icon=\"instagram\" role=\"img\" viewBox=\"0 0 448 512\">\n                    <path fill=\"currentColor\" d=\"M224.1 141c-63.6 0-114.9 51.3-114.9 114.9s51.3 114.9 114.9 114.9S339 319.5 339 255.9 287.7 141 224.1 141zm0 189.6c-41.1 0-74.7-33.5-74.7-74.7s33.5-74.7 74.7-74.7 74.7 33.5 74.7 74.7-33.6 74.7-74.7 74.7zm146.4-194.3c0 14.9-12 26.8-26.8 26.8-14.9 0-26.8-12-26.8-26.8s12-26.8 26.8-26.8 26.8 12 26.8 26.8zm76.1 27.2c-1.7-35.9-9.9-67.7-36.2-93.9-26.2-26.2-58-34.4-93.9-36.2-37-2.1-147.9-2.1-184.9 0-35.8 1.7-67.6 9.9-93.9 36.1s-34.4 58-36.2 93.9c-2.1 37-2.1 147.9 0 184.9 1.7 35.9 9.9 67.7 36.2 93.9s58 34.4 93.9 36.2c37 2.1 147.9 2.1 184.9 0 35.9-1.7 67.7-9.9 93.9-36.2 26.2-26.2 34.4-58 36.2-93.9 2.1-37 2.1-147.8 0-184.8zM398.8 388c-7.8 19.6-22.9 34.7-42.6 42.6-29.5 11.7-99.5 9-132.1 9s-102.7 2.6-132.1-9c-19.6-7.8-34.7-22.9-42.6-42.6-11.7-29.5-9-99.5-9-132.1s-2.6-102.7 9-132.1c7.8-19.6 22.9-34.7 42.6-42.6 29.5-11.7 99.5-9 132.1-9s102.7-2.6 132.1 9c19.6 7.8 34.7 22.9 42.6 42.6 11.7 29.5 9 99.5 9 132.1s2.7 102.7-9 132.1z\"><\/path>\n                <\/svg>\t\t\t\t<span>Follow on Instagram<\/span>\n\t\t\t<\/a>\n\t\t<\/span>\n\t\n<\/div>\n\t\t<span class=\"sbi_resized_image_data\" data-feed-id=\"*2\"\n\t\t  data-resized=\"[]\">\n\t<\/span>\n\t<\/div>\n\n\t<style type=\"text\/css\">\n\t\t\t\t\t\t\t\t\t\t\t\t#sb_instagram.sbi_palette_custom_2 #sbi_load .sbi_load_btn {\n\t\t\tbackground: #FFC104;\n\t\t}\n\n\t\t\t\t\t\t#sb_instagram.sbi_palette_custom_2 #sbi_load .sbi_follow_btn a {\n\t\t\tbackground: #E92B2B;\n\t\t}\n\n\t\t\t<\/style>\n\t<\/div>\n\t\t\t\t\t\t<\/div>\n\t\t\t\t<\/div>\n\t\t\t\t\t<\/div>\n\t\t<\/div>\n\t\t\t\t\t<\/div>\n\t\t<\/section>\n\t\t\t\t<\/div>\n\t\t","protected":false},"excerpt":{"rendered":"<p>Yuva Hoba h\u0259mi\u015f\u0259 s\u0259nin yan\u0131nda!\u00a0 \u00a0 Lesaffre qrupunun bir hiss\u0259si, el\u0259c\u0259 d\u0259 maya v\u0259 fermentasiya \u00fczr\u0259 d\u00fcnyan\u0131n apar\u0131c\u0131 istehsal\u00e7\u0131s\u0131 olan Yuva Hoba bir\u00a0\u015f\u00f6vq hekay\u0259sidir. Yuva Hoba \u00f6z f\u0259aliyy\u0259tin\u0259 \u00e7\u00f6r\u0259k v\u0259 un m\u0259mulatlar\u0131n\u0131n haz\u0131rlanmas\u0131nda ba\u015fl\u0131ca inqrediyent hesab olunan mayan\u0131n istifad\u0259 olundu\u011fu \u00e7\u00f6r\u0259k\u00e7ilik il\u0259 ba\u015flay\u0131b. Bug\u00fcn biz Yuva Hoba m\u0259hsullar\u0131n\u0131 M\u0259rk\u0259zi Asiya \u00f6lk\u0259l\u0259rind\u0259ki m\u00fc\u015ft\u0259ril\u0259r\u0259 t\u0259klif edirik; sizin [&hellip;]<\/p>\n","protected":false},"author":6,"featured_media":0,"parent":0,"menu_order":0,"comment_status":"closed","ping_status":"closed","template":"","meta":{"footnotes":""},"class_list":["post-5307","page","type-page","status-publish","hentry"],"_links":{"self":[{"href":"https:\/\/yuvaasia.com\/az\/wp-json\/wp\/v2\/pages\/5307","targetHints":{"allow":["GET"]}}],"collection":[{"href":"https:\/\/yuvaasia.com\/az\/wp-json\/wp\/v2\/pages"}],"about":[{"href":"https:\/\/yuvaasia.com\/az\/wp-json\/wp\/v2\/types\/page"}],"author":[{"embeddable":true,"href":"https:\/\/yuvaasia.com\/az\/wp-json\/wp\/v2\/users\/6"}],"replies":[{"embeddable":true,"href":"https:\/\/yuvaasia.com\/az\/wp-json\/wp\/v2\/comments?post=5307"}],"version-history":[{"count":4,"href":"https:\/\/yuvaasia.com\/az\/wp-json\/wp\/v2\/pages\/5307\/revisions"}],"predecessor-version":[{"id":5317,"href":"https:\/\/yuvaasia.com\/az\/wp-json\/wp\/v2\/pages\/5307\/revisions\/5317"}],"wp:attachment":[{"href":"https:\/\/yuvaasia.com\/az\/wp-json\/wp\/v2\/media?parent=5307"}],"curies":[{"name":"wp","href":"https:\/\/api.w.org\/{rel}","templated":true}]}}