{"id":2222,"date":"2020-03-02T07:22:28","date_gmt":"2020-03-02T04:22:28","guid":{"rendered":"https:\/\/yuvaasia.com\/recipes\/"},"modified":"2023-05-17T17:48:47","modified_gmt":"2023-05-17T14:48:47","slug":"recipes","status":"publish","type":"page","link":"https:\/\/yuvaasia.com\/tr\/recipes\/","title":{"rendered":"Tarifler"},"content":{"rendered":"\n<section class=\"cooked-recipe-search cooked-clearfix\"><form action=\"https:\/\/yuvaasia.com\/ge\/recipes\/\" method=\"get\"><div class=\"cooked-fields-wrap cooked-1-search-fields\"><div class=\"cooked-field-wrap cooked-field-wrap-select\"><span class=\"cooked-browse-select\"><span class=\"cooked-field-title\">G\u00f6zat<\/span><span class=\"cooked-browse-select-block cooked-clearfix\"><span class=\"cooked-tax-column\"><span class=\"cooked-tax-column-title\">Kategoriler<\/span><div class=\"cooked-tax-scrollable\"><a href=\"https:\/\/yuvaasia.com\/tr\/recipes\/recipe-category\/main-recipes-tr\">Ana Tarifler<\/a><span class=\"cooked-tax-sub-item\"><a href=\"https:\/\/yuvaasia.com\/tr\/recipes\/recipe-category\/dinner-tr\">Ak\u015fam Yeme\u011fi<\/a><\/span><span class=\"cooked-tax-sub-item\"><a href=\"https:\/\/yuvaasia.com\/tr\/recipes\/recipe-category\/breakfast-tr\">Kahvalt\u0131<\/a><\/span><span class=\"cooked-tax-sub-item\"><a href=\"https:\/\/yuvaasia.com\/tr\/recipes\/recipe-category\/lunch-tr\">\u00d6\u011fle Yeme\u011fi<\/a><\/span><a href=\"https:\/\/yuvaasia.com\/tr\/recipes\/recipe-category\/tea-time-recipes-tr\">\u00c7ay Vakti Tarifleri<\/a><span class=\"cooked-tax-sub-item\"><a href=\"https:\/\/yuvaasia.com\/tr\/recipes\/recipe-category\/teatime-sweet-tr\">Tatl\u0131<\/a><\/span><span class=\"cooked-tax-sub-item\"><a href=\"https:\/\/yuvaasia.com\/tr\/recipes\/recipe-category\/teatime-salty-tr\">Tuzlu<\/a><\/span><a href=\"https:\/\/yuvaasia.com\/tr\/recipes\/recipe-category\/bread-recipes-tr\">Ekmek Tarifleri<\/a><span class=\"cooked-tax-sub-item\"><a href=\"https:\/\/yuvaasia.com\/tr\/recipes\/recipe-category\/sweet-tr-2\">Tatl\u0131<\/a><\/span><\/div><\/span><\/span><\/span><\/div><input class=\"cooked-browse-search\" type=\"text\" name=\"cooked_search_s\" value=\"\" placeholder=\"Bir tarif bulun...\" \/><span class=\"cooked-browse-search-close\"><\/span><a href=\"#\" class=\"cooked-browse-search-button\"><i class=\"cooked-icon cooked-icon-search\"><\/i><\/a><div class=\"ajax-search hide\" data-local=\"tr_TR\"><\/div><\/div><input type=\"hidden\" name=\"page_id\" value=\"3623\"><span class=\"cooked-sortby-wrap\"><select class=\"cooked-sortby-select\" name=\"cooked_browse_sort_by\"><option value=\"date_desc\" selected>Yeniden Eskiye<\/option><option value=\"date_asc\">Eskiden Yeniye<\/option><option value=\"title_asc\">Alfabetik (A-Z)<\/option><option value=\"title_desc\">Alfabetik (Z-A)<\/option><\/select><\/span><\/form><\/section><section id=\"cooked-recipe-list-1\" class=\"cooked-clearfix ct-recipe-wrapper cooked-recipe-cookiteer_modern cooked-recipe-loader cooked-columns-3\">\r\n<article id=\"post-1881\" class=\"ct-recipe post-1881 cp_recipe type-cp_recipe status-publish has-post-thumbnail hentry cp_recipe_category-tea-time-recipes-tr cp_recipe_category-teatime-sweet-tr\">\r\n\r\n  <div class=\"ct-recipe-inner\">\r\n\r\n        <div class=\"ct-recipe-thumbnail\">\r\n\r\n      \r\n            <a href=\"https:\/\/yuvaasia.com\/tr\/recipes\/rose-dessert\/\">\r\n        <img fetchpriority=\"high\" decoding=\"async\" width=\"500\" height=\"286\" src=\"https:\/\/yuvaasia.com\/wp-content\/uploads\/2022\/06\/rose-dessert-500x286.jpeg\" class=\"attachment-cookiteer-recipe-grid size-cookiteer-recipe-grid wp-post-image\" alt=\"\" \/>      <\/a>\r\n          <\/div>\r\n    \r\n    <div class=\"ct-recipe-body\">\r\n              <div class=\"ct-recipe-author\">\r\n          <img alt='' src='https:\/\/secure.gravatar.com\/avatar\/93af42510323cf5a3dd9209a64f7fe30f6105888de5df66ae98a6b251f657a84?s=96&#038;d=mm&#038;r=g' class='avatar avatar-96 photo' height='96' width='96' \/>        <\/div>\r\n      \r\n      <span class=\"cooked-rating\" data-recipe-id=\"1881\"><\/span>\r\n      <span class=\"ct-recipe-difficulty\"><span class=\"cooked-difficulty-level-1\">Ba\u015flang\u0131\u00e7<\/span><\/span>\r\n      <a href=\"https:\/\/yuvaasia.com\/tr\/recipes\/rose-dessert\/\" class=\"cooked-recipe-card-title\">G\u00fcl Tatl\u0131s\u0131<\/a>\r\n\r\n      \r\n            <a href=\"https:\/\/yuvaasia.com\/tr\/recipes\/rose-dessert\/\" class=\"btn-custom secondary btn-block btn-sm\">Read More <i class=\"fa fa-arrow-right\"><\/i> <\/a>\r\n      \r\n    <\/div>\r\n  <\/div>\r\n\r\n<\/article>\r\n\r\n<article id=\"post-1882\" class=\"ct-recipe post-1882 cp_recipe type-cp_recipe status-publish has-post-thumbnail hentry cp_recipe_category-tea-time-recipes-tr cp_recipe_category-teatime-sweet-tr\">\r\n\r\n  <div class=\"ct-recipe-inner\">\r\n\r\n        <div class=\"ct-recipe-thumbnail\">\r\n\r\n      \r\n            <a href=\"https:\/\/yuvaasia.com\/tr\/recipes\/pastries-with-tahini-and-grape\/\">\r\n        <img decoding=\"async\" width=\"510\" height=\"286\" src=\"https:\/\/yuvaasia.com\/wp-content\/uploads\/2022\/06\/tahini-grape-pastry-510x286.jpeg\" class=\"attachment-cookiteer-recipe-grid size-cookiteer-recipe-grid wp-post-image\" alt=\"\" srcset=\"https:\/\/yuvaasia.com\/wp-content\/uploads\/2022\/06\/tahini-grape-pastry-510x286.jpeg 510w, https:\/\/yuvaasia.com\/wp-content\/uploads\/2022\/06\/tahini-grape-pastry-400x225.jpeg 400w\" sizes=\"(max-width: 510px) 100vw, 510px\" \/>      <\/a>\r\n          <\/div>\r\n    \r\n    <div class=\"ct-recipe-body\">\r\n              <div class=\"ct-recipe-author\">\r\n          <img alt='' src='https:\/\/secure.gravatar.com\/avatar\/93af42510323cf5a3dd9209a64f7fe30f6105888de5df66ae98a6b251f657a84?s=96&#038;d=mm&#038;r=g' class='avatar avatar-96 photo' height='96' width='96' \/>        <\/div>\r\n      \r\n      <span class=\"cooked-rating\" data-recipe-id=\"1882\"><\/span>\r\n      <span class=\"ct-recipe-difficulty\"><\/span>\r\n      <a href=\"https:\/\/yuvaasia.com\/tr\/recipes\/pastries-with-tahini-and-grape\/\" class=\"cooked-recipe-card-title\">Tahinli Pekmezli Peksimet<\/a>\r\n\r\n      \r\n            <a href=\"https:\/\/yuvaasia.com\/tr\/recipes\/pastries-with-tahini-and-grape\/\" class=\"btn-custom secondary btn-block btn-sm\">Read More <i class=\"fa fa-arrow-right\"><\/i> <\/a>\r\n      \r\n    <\/div>\r\n  <\/div>\r\n\r\n<\/article>\r\n\r\n<article id=\"post-1885\" class=\"ct-recipe post-1885 cp_recipe type-cp_recipe status-publish has-post-thumbnail hentry cp_recipe_category-main-recipes-tr cp_recipe_category-breakfast-tr\">\r\n\r\n  <div class=\"ct-recipe-inner\">\r\n\r\n        <div class=\"ct-recipe-thumbnail\">\r\n\r\n      \r\n            <a href=\"https:\/\/yuvaasia.com\/tr\/recipes\/ci%cc%87c%c9%99k-pogaca\/\">\r\n        <img decoding=\"async\" width=\"510\" height=\"286\" src=\"https:\/\/yuvaasia.com\/wp-content\/uploads\/2022\/06\/cicek-pogaca-510x286.jpeg\" class=\"attachment-cookiteer-recipe-grid size-cookiteer-recipe-grid wp-post-image\" alt=\"\" srcset=\"https:\/\/yuvaasia.com\/wp-content\/uploads\/2022\/06\/cicek-pogaca-510x286.jpeg 510w, https:\/\/yuvaasia.com\/wp-content\/uploads\/2022\/06\/cicek-pogaca-400x225.jpeg 400w\" sizes=\"(max-width: 510px) 100vw, 510px\" \/>      <\/a>\r\n          <\/div>\r\n    \r\n    <div class=\"ct-recipe-body\">\r\n              <div class=\"ct-recipe-author\">\r\n          <img alt='' src='https:\/\/secure.gravatar.com\/avatar\/93af42510323cf5a3dd9209a64f7fe30f6105888de5df66ae98a6b251f657a84?s=96&#038;d=mm&#038;r=g' class='avatar avatar-96 photo' height='96' width='96' \/>        <\/div>\r\n      \r\n      <span class=\"cooked-rating\" data-recipe-id=\"1885\"><\/span>\r\n      <span class=\"ct-recipe-difficulty\"><span class=\"cooked-difficulty-level-1\">Ba\u015flang\u0131\u00e7<\/span><\/span>\r\n      <a href=\"https:\/\/yuvaasia.com\/tr\/recipes\/ci%cc%87c%c9%99k-pogaca\/\" class=\"cooked-recipe-card-title\">\u00c7i\u00e7ek Po\u011fa\u00e7a<\/a>\r\n\r\n      \r\n            <a href=\"https:\/\/yuvaasia.com\/tr\/recipes\/ci%cc%87c%c9%99k-pogaca\/\" class=\"btn-custom secondary btn-block btn-sm\">Read More <i class=\"fa fa-arrow-right\"><\/i> <\/a>\r\n      \r\n    <\/div>\r\n  <\/div>\r\n\r\n<\/article>\r\n\r\n<article id=\"post-1887\" class=\"ct-recipe post-1887 cp_recipe type-cp_recipe status-publish has-post-thumbnail hentry cp_recipe_category-main-recipes-tr cp_recipe_category-lunch-tr\">\r\n\r\n  <div class=\"ct-recipe-inner\">\r\n\r\n        <div class=\"ct-recipe-thumbnail\">\r\n\r\n      \r\n            <a href=\"https:\/\/yuvaasia.com\/tr\/recipes\/homemade-hamburger\/\">\r\n        <img loading=\"lazy\" decoding=\"async\" width=\"510\" height=\"286\" src=\"https:\/\/yuvaasia.com\/wp-content\/uploads\/2022\/06\/yuvaasia-homemadeburger-510x286.jpg\" class=\"attachment-cookiteer-recipe-grid size-cookiteer-recipe-grid wp-post-image\" alt=\"\" srcset=\"https:\/\/yuvaasia.com\/wp-content\/uploads\/2022\/06\/yuvaasia-homemadeburger-510x286.jpg 510w, https:\/\/yuvaasia.com\/wp-content\/uploads\/2022\/06\/yuvaasia-homemadeburger-400x225.jpg 400w\" sizes=\"(max-width: 510px) 100vw, 510px\" \/>      <\/a>\r\n          <\/div>\r\n    \r\n    <div class=\"ct-recipe-body\">\r\n              <div class=\"ct-recipe-author\">\r\n          <img alt='' src='https:\/\/secure.gravatar.com\/avatar\/93af42510323cf5a3dd9209a64f7fe30f6105888de5df66ae98a6b251f657a84?s=96&#038;d=mm&#038;r=g' class='avatar avatar-96 photo' height='96' width='96' \/>        <\/div>\r\n      \r\n      <span class=\"cooked-rating\" data-recipe-id=\"1887\"><\/span>\r\n      <span class=\"ct-recipe-difficulty\"><span class=\"cooked-difficulty-level-2\">Orta D\u00fczey<\/span><\/span>\r\n      <a href=\"https:\/\/yuvaasia.com\/tr\/recipes\/homemade-hamburger\/\" class=\"cooked-recipe-card-title\">Ev Yap\u0131m\u0131 Hamburger<\/a>\r\n\r\n      \r\n            <a href=\"https:\/\/yuvaasia.com\/tr\/recipes\/homemade-hamburger\/\" class=\"btn-custom secondary btn-block btn-sm\">Read More <i class=\"fa fa-arrow-right\"><\/i> <\/a>\r\n      \r\n    <\/div>\r\n  <\/div>\r\n\r\n<\/article>\r\n\r\n<article id=\"post-1888\" class=\"ct-recipe post-1888 cp_recipe type-cp_recipe status-publish has-post-thumbnail hentry cp_recipe_category-tea-time-recipes-tr cp_recipe_category-teatime-sweet-tr\">\r\n\r\n  <div class=\"ct-recipe-inner\">\r\n\r\n        <div class=\"ct-recipe-thumbnail\">\r\n\r\n      \r\n            <a href=\"https:\/\/yuvaasia.com\/tr\/recipes\/rose-buns-with-raisins\/\">\r\n        <img loading=\"lazy\" decoding=\"async\" width=\"510\" height=\"286\" src=\"https:\/\/yuvaasia.com\/wp-content\/uploads\/2022\/06\/uzumlu-borek-510x286.jpeg\" class=\"attachment-cookiteer-recipe-grid size-cookiteer-recipe-grid wp-post-image\" alt=\"\" srcset=\"https:\/\/yuvaasia.com\/wp-content\/uploads\/2022\/06\/uzumlu-borek-510x286.jpeg 510w, https:\/\/yuvaasia.com\/wp-content\/uploads\/2022\/06\/uzumlu-borek-400x225.jpeg 400w\" sizes=\"(max-width: 510px) 100vw, 510px\" \/>      <\/a>\r\n          <\/div>\r\n    \r\n    <div class=\"ct-recipe-body\">\r\n              <div class=\"ct-recipe-author\">\r\n          <img alt='' src='https:\/\/secure.gravatar.com\/avatar\/93af42510323cf5a3dd9209a64f7fe30f6105888de5df66ae98a6b251f657a84?s=96&#038;d=mm&#038;r=g' class='avatar avatar-96 photo' height='96' width='96' \/>        <\/div>\r\n      \r\n      <span class=\"cooked-rating\" data-recipe-id=\"1888\"><\/span>\r\n      <span class=\"ct-recipe-difficulty\"><span class=\"cooked-difficulty-level-1\">Ba\u015flang\u0131\u00e7<\/span><\/span>\r\n      <a href=\"https:\/\/yuvaasia.com\/tr\/recipes\/rose-buns-with-raisins\/\" class=\"cooked-recipe-card-title\">\u00dcz\u00fcml\u00fc Roz<\/a>\r\n\r\n      \r\n            <a href=\"https:\/\/yuvaasia.com\/tr\/recipes\/rose-buns-with-raisins\/\" class=\"btn-custom secondary btn-block btn-sm\">Read More <i class=\"fa fa-arrow-right\"><\/i> <\/a>\r\n      \r\n    <\/div>\r\n  <\/div>\r\n\r\n<\/article>\r\n\r\n<article id=\"post-1889\" class=\"ct-recipe post-1889 cp_recipe type-cp_recipe status-publish has-post-thumbnail hentry cp_recipe_category-tea-time-recipes-tr cp_recipe_category-teatime-sweet-tr\">\r\n\r\n  <div class=\"ct-recipe-inner\">\r\n\r\n        <div class=\"ct-recipe-thumbnail\">\r\n\r\n      \r\n            <a href=\"https:\/\/yuvaasia.com\/tr\/recipes\/chocolate-hazelnut-cupcakes\/\">\r\n        <img loading=\"lazy\" decoding=\"async\" width=\"510\" height=\"286\" src=\"https:\/\/yuvaasia.com\/wp-content\/uploads\/2022\/06\/cupcake-yuva-510x286.jpeg\" class=\"attachment-cookiteer-recipe-grid size-cookiteer-recipe-grid wp-post-image\" alt=\"\" srcset=\"https:\/\/yuvaasia.com\/wp-content\/uploads\/2022\/06\/cupcake-yuva-510x286.jpeg 510w, https:\/\/yuvaasia.com\/wp-content\/uploads\/2022\/06\/cupcake-yuva-400x225.jpeg 400w\" sizes=\"(max-width: 510px) 100vw, 510px\" \/>      <\/a>\r\n          <\/div>\r\n    \r\n    <div class=\"ct-recipe-body\">\r\n              <div class=\"ct-recipe-author\">\r\n          <img alt='' src='https:\/\/secure.gravatar.com\/avatar\/93af42510323cf5a3dd9209a64f7fe30f6105888de5df66ae98a6b251f657a84?s=96&#038;d=mm&#038;r=g' class='avatar avatar-96 photo' height='96' width='96' \/>        <\/div>\r\n      \r\n      <span class=\"cooked-rating\" data-recipe-id=\"1889\"><\/span>\r\n      <span class=\"ct-recipe-difficulty\"><span class=\"cooked-difficulty-level-2\">Orta D\u00fczey<\/span><\/span>\r\n      <a href=\"https:\/\/yuvaasia.com\/tr\/recipes\/chocolate-hazelnut-cupcakes\/\" class=\"cooked-recipe-card-title\">\u00c7ikolatal\u0131 F\u0131nd\u0131kl\u0131 Cupcake<\/a>\r\n\r\n      \r\n            <a href=\"https:\/\/yuvaasia.com\/tr\/recipes\/chocolate-hazelnut-cupcakes\/\" class=\"btn-custom secondary btn-block btn-sm\">Read More <i class=\"fa fa-arrow-right\"><\/i> <\/a>\r\n      \r\n    <\/div>\r\n  <\/div>\r\n\r\n<\/article>\r\n\r\n<article id=\"post-1890\" class=\"ct-recipe post-1890 cp_recipe type-cp_recipe status-publish has-post-thumbnail hentry cp_recipe_category-tea-time-recipes-tr cp_recipe_category-teatime-sweet-tr\">\r\n\r\n  <div class=\"ct-recipe-inner\">\r\n\r\n        <div class=\"ct-recipe-thumbnail\">\r\n\r\n      \r\n            <a href=\"https:\/\/yuvaasia.com\/tr\/recipes\/vatrushka\/\">\r\n        <img loading=\"lazy\" decoding=\"async\" width=\"510\" height=\"286\" src=\"https:\/\/yuvaasia.com\/wp-content\/uploads\/2022\/06\/yuvaasia-Vatrushka-510x286.jpg\" class=\"attachment-cookiteer-recipe-grid size-cookiteer-recipe-grid wp-post-image\" alt=\"\" srcset=\"https:\/\/yuvaasia.com\/wp-content\/uploads\/2022\/06\/yuvaasia-Vatrushka-510x286.jpg 510w, https:\/\/yuvaasia.com\/wp-content\/uploads\/2022\/06\/yuvaasia-Vatrushka-400x225.jpg 400w\" sizes=\"(max-width: 510px) 100vw, 510px\" \/>      <\/a>\r\n          <\/div>\r\n    \r\n    <div class=\"ct-recipe-body\">\r\n              <div class=\"ct-recipe-author\">\r\n          <img alt='' src='https:\/\/secure.gravatar.com\/avatar\/93af42510323cf5a3dd9209a64f7fe30f6105888de5df66ae98a6b251f657a84?s=96&#038;d=mm&#038;r=g' class='avatar avatar-96 photo' height='96' width='96' \/>        <\/div>\r\n      \r\n      <span class=\"cooked-rating\" data-recipe-id=\"1890\"><\/span>\r\n      <span class=\"ct-recipe-difficulty\"><\/span>\r\n      <a href=\"https:\/\/yuvaasia.com\/tr\/recipes\/vatrushka\/\" class=\"cooked-recipe-card-title\">Vatrushka<\/a>\r\n\r\n      \r\n            <a href=\"https:\/\/yuvaasia.com\/tr\/recipes\/vatrushka\/\" class=\"btn-custom secondary btn-block btn-sm\">Read More <i class=\"fa fa-arrow-right\"><\/i> <\/a>\r\n      \r\n    <\/div>\r\n  <\/div>\r\n\r\n<\/article>\r\n\r\n<article id=\"post-1896\" class=\"ct-recipe post-1896 cp_recipe type-cp_recipe status-publish has-post-thumbnail hentry cp_recipe_category-tea-time-recipes-tr cp_recipe_category-teatime-sweet-tr\">\r\n\r\n  <div class=\"ct-recipe-inner\">\r\n\r\n        <div class=\"ct-recipe-thumbnail\">\r\n\r\n      \r\n            <a href=\"https:\/\/yuvaasia.com\/tr\/recipes\/apricot-tart\/\">\r\n        <img loading=\"lazy\" decoding=\"async\" width=\"510\" height=\"286\" src=\"https:\/\/yuvaasia.com\/wp-content\/uploads\/2022\/06\/yuvaasia-apricottart-510x286.jpg\" class=\"attachment-cookiteer-recipe-grid size-cookiteer-recipe-grid wp-post-image\" alt=\"\" srcset=\"https:\/\/yuvaasia.com\/wp-content\/uploads\/2022\/06\/yuvaasia-apricottart-510x286.jpg 510w, https:\/\/yuvaasia.com\/wp-content\/uploads\/2022\/06\/yuvaasia-apricottart-400x225.jpg 400w\" sizes=\"(max-width: 510px) 100vw, 510px\" \/>      <\/a>\r\n          <\/div>\r\n    \r\n    <div class=\"ct-recipe-body\">\r\n              <div class=\"ct-recipe-author\">\r\n          <img alt='' src='https:\/\/secure.gravatar.com\/avatar\/93af42510323cf5a3dd9209a64f7fe30f6105888de5df66ae98a6b251f657a84?s=96&#038;d=mm&#038;r=g' class='avatar avatar-96 photo' height='96' width='96' \/>        <\/div>\r\n      \r\n      <span class=\"cooked-rating\" data-recipe-id=\"1896\"><\/span>\r\n      <span class=\"ct-recipe-difficulty\"><span class=\"cooked-difficulty-level-1\">Ba\u015flang\u0131\u00e7<\/span><\/span>\r\n      <a href=\"https:\/\/yuvaasia.com\/tr\/recipes\/apricot-tart\/\" class=\"cooked-recipe-card-title\">Kay\u0131s\u0131l\u0131 Tart<\/a>\r\n\r\n      \r\n            <a href=\"https:\/\/yuvaasia.com\/tr\/recipes\/apricot-tart\/\" class=\"btn-custom secondary btn-block btn-sm\">Read More <i class=\"fa fa-arrow-right\"><\/i> <\/a>\r\n      \r\n    <\/div>\r\n  <\/div>\r\n\r\n<\/article>\r\n\r\n<article id=\"post-1897\" class=\"ct-recipe post-1897 cp_recipe type-cp_recipe status-publish has-post-thumbnail hentry cp_recipe_category-tea-time-recipes-tr cp_recipe_category-teatime-sweet-tr\">\r\n\r\n  <div class=\"ct-recipe-inner\">\r\n\r\n        <div class=\"ct-recipe-thumbnail\">\r\n\r\n      \r\n            <a href=\"https:\/\/yuvaasia.com\/tr\/recipes\/walnut-caramel-tart\/\">\r\n        <img loading=\"lazy\" decoding=\"async\" width=\"510\" height=\"286\" src=\"https:\/\/yuvaasia.com\/wp-content\/uploads\/2022\/06\/yuvaasia-walnutcaramaltart-510x286.jpg\" class=\"attachment-cookiteer-recipe-grid size-cookiteer-recipe-grid wp-post-image\" alt=\"\" srcset=\"https:\/\/yuvaasia.com\/wp-content\/uploads\/2022\/06\/yuvaasia-walnutcaramaltart-510x286.jpg 510w, https:\/\/yuvaasia.com\/wp-content\/uploads\/2022\/06\/yuvaasia-walnutcaramaltart-400x225.jpg 400w\" sizes=\"(max-width: 510px) 100vw, 510px\" \/>      <\/a>\r\n          <\/div>\r\n    \r\n    <div class=\"ct-recipe-body\">\r\n              <div class=\"ct-recipe-author\">\r\n          <img alt='' src='https:\/\/secure.gravatar.com\/avatar\/93af42510323cf5a3dd9209a64f7fe30f6105888de5df66ae98a6b251f657a84?s=96&#038;d=mm&#038;r=g' class='avatar avatar-96 photo' height='96' width='96' \/>        <\/div>\r\n      \r\n      <span class=\"cooked-rating\" data-recipe-id=\"1897\"><\/span>\r\n      <span class=\"ct-recipe-difficulty\"><\/span>\r\n      <a href=\"https:\/\/yuvaasia.com\/tr\/recipes\/walnut-caramel-tart\/\" class=\"cooked-recipe-card-title\">Cevizli Karamelli Tart<\/a>\r\n\r\n      \r\n            <a href=\"https:\/\/yuvaasia.com\/tr\/recipes\/walnut-caramel-tart\/\" class=\"btn-custom secondary btn-block btn-sm\">Read More <i class=\"fa fa-arrow-right\"><\/i> <\/a>\r\n      \r\n    <\/div>\r\n  <\/div>\r\n\r\n<\/article>\r\n<\/section><div class=\"cooked-pages-load-wrap cooked-load-more-button\"><span class=\"cooked-icon-loading-wrap\"><i class=\"cooked-icon cooked-icon-loading cooked-icon-spin\"><\/i><\/span><a href=\"#\">More recipes...<\/a><\/div>\n","protected":false},"excerpt":{"rendered":"","protected":false},"author":8,"featured_media":0,"parent":0,"menu_order":0,"comment_status":"closed","ping_status":"closed","template":"","meta":{"footnotes":""},"class_list":["post-2222","page","type-page","status-publish","hentry"],"_links":{"self":[{"href":"https:\/\/yuvaasia.com\/tr\/wp-json\/wp\/v2\/pages\/2222","targetHints":{"allow":["GET"]}}],"collection":[{"href":"https:\/\/yuvaasia.com\/tr\/wp-json\/wp\/v2\/pages"}],"about":[{"href":"https:\/\/yuvaasia.com\/tr\/wp-json\/wp\/v2\/types\/page"}],"author":[{"embeddable":true,"href":"https:\/\/yuvaasia.com\/tr\/wp-json\/wp\/v2\/users\/8"}],"replies":[{"embeddable":true,"href":"https:\/\/yuvaasia.com\/tr\/wp-json\/wp\/v2\/comments?post=2222"}],"version-history":[{"count":3,"href":"https:\/\/yuvaasia.com\/tr\/wp-json\/wp\/v2\/pages\/2222\/revisions"}],"predecessor-version":[{"id":2253,"href":"https:\/\/yuvaasia.com\/tr\/wp-json\/wp\/v2\/pages\/2222\/revisions\/2253"}],"wp:attachment":[{"href":"https:\/\/yuvaasia.com\/tr\/wp-json\/wp\/v2\/media?parent=2222"}],"curies":[{"name":"wp","href":"https:\/\/api.w.org\/{rel}","templated":true}]}}