{"id":2272,"date":"2020-01-03T07:22:42","date_gmt":"2020-01-03T04:22:42","guid":{"rendered":"https:\/\/yuvaasia.com\/bizimle-iletisime-gecin\/"},"modified":"2023-05-22T11:16:15","modified_gmt":"2023-05-22T08:16:15","slug":"bizimle-iletisime-gecin","status":"publish","type":"page","link":"https:\/\/yuvaasia.com\/tr\/bizimle-iletisime-gecin\/","title":{"rendered":"Bizimle ileti\u015fime ge\u00e7in"},"content":{"rendered":"\t\t<div data-elementor-type=\"wp-page\" data-elementor-id=\"2272\" class=\"elementor elementor-2272\">\n\t\t\t\t\t\t<section class=\"elementor-section elementor-top-section elementor-element elementor-element-d7d0a35 elementor-section-full_width elementor-section-height-default elementor-section-height-default\" data-id=\"d7d0a35\" data-element_type=\"section\" data-e-type=\"section\">\n\t\t\t\t\t\t<div class=\"elementor-container elementor-column-gap-no\">\n\t\t\t\t\t<div class=\"elementor-column elementor-col-100 elementor-top-column elementor-element elementor-element-b1c74d2\" data-id=\"b1c74d2\" data-element_type=\"column\" data-e-type=\"column\">\n\t\t\t<div class=\"elementor-widget-wrap\">\n\t\t\t\t\t\t\t<\/div>\n\t\t<\/div>\n\t\t\t\t\t<\/div>\n\t\t<\/section>\n\t\t\t\t<section class=\"elementor-section elementor-top-section elementor-element elementor-element-ba1c54d section elementor-section-boxed elementor-section-height-default elementor-section-height-default\" data-id=\"ba1c54d\" data-element_type=\"section\" data-e-type=\"section\">\n\t\t\t\t\t\t<div class=\"elementor-container elementor-column-gap-default\">\n\t\t\t\t\t<div class=\"elementor-column elementor-col-100 elementor-top-column elementor-element elementor-element-5f9171b\" data-id=\"5f9171b\" data-element_type=\"column\" data-e-type=\"column\">\n\t\t\t<div class=\"elementor-widget-wrap elementor-element-populated\">\n\t\t\t\t\t\t<div class=\"elementor-element elementor-element-d95258e elementor-widget elementor-widget-ct-title\" data-id=\"d95258e\" data-element_type=\"widget\" data-e-type=\"widget\" data-widget_type=\"ct-title.default\">\n\t\t\t\t<div class=\"elementor-widget-container\">\n\t\t\t\t\t\r\n      <div class=\"section-title-wrap text-center\">\r\n                <div class=\"ct-title-icon\"> <i aria-hidden=\"true\" class=\"flaticon flaticon-speech-bubble\"><\/i> <\/div>\r\n                        <h2 class=\"title\"> Mesaj\u0131n\u0131z\u0131 g\u00f6nderin <\/h2>\r\n                        <div class=\"subtitle\"> <b>\u00dcr\u00fcnlerimiz hakk\u0131nda daha fazla bilgi edinmek veya teknik destek talep etmek i\u00e7in l\u00fctfen a\u015fa\u011f\u0131daki formu kullanarak bizimle ileti\u015fime ge\u00e7in.<\/b> <\/div>\r\n              <\/div>\r\n\r\n      \t\t\t\t<\/div>\n\t\t\t\t<\/div>\n\t\t\t\t<section class=\"elementor-section elementor-inner-section elementor-element elementor-element-3c3bc22 elementor-section-boxed elementor-section-height-default elementor-section-height-default\" data-id=\"3c3bc22\" data-element_type=\"section\" data-e-type=\"section\">\n\t\t\t\t\t\t<div class=\"elementor-container elementor-column-gap-default\">\n\t\t\t\t\t<div class=\"elementor-column elementor-col-50 elementor-inner-column elementor-element elementor-element-a6bcfa8\" data-id=\"a6bcfa8\" data-element_type=\"column\" data-e-type=\"column\">\n\t\t\t<div class=\"elementor-widget-wrap elementor-element-populated\">\n\t\t\t\t\t\t<div class=\"elementor-element elementor-element-eb22991 elementor-widget elementor-widget-shortcode\" data-id=\"eb22991\" data-element_type=\"widget\" data-e-type=\"widget\" data-widget_type=\"shortcode.default\">\n\t\t\t\t<div class=\"elementor-widget-container\">\n\t\t\t\t\t\t\t<div class=\"elementor-shortcode\">\n<div class=\"wpcf7 no-js\" id=\"wpcf7-f4237-o1\" lang=\"tr-TR\" dir=\"ltr\" data-wpcf7-id=\"4237\">\n<div class=\"screen-reader-response\"><p role=\"status\" aria-live=\"polite\" aria-atomic=\"true\"><\/p> <ul><\/ul><\/div>\n<form action=\"\/tr\/wp-json\/wp\/v2\/pages\/2272#wpcf7-f4237-o1\" method=\"post\" class=\"wpcf7-form init\" aria-label=\"\u0130leti\u015fim Formu\" novalidate=\"novalidate\" data-status=\"init\">\n<fieldset class=\"hidden-fields-container\"><input type=\"hidden\" name=\"_wpcf7\" value=\"4237\" \/><input type=\"hidden\" name=\"_wpcf7_version\" value=\"6.1.5\" \/><input type=\"hidden\" name=\"_wpcf7_locale\" value=\"tr_TR\" \/><input type=\"hidden\" name=\"_wpcf7_unit_tag\" value=\"wpcf7-f4237-o1\" \/><input type=\"hidden\" name=\"_wpcf7_container_post\" value=\"0\" \/><input type=\"hidden\" name=\"_wpcf7_posted_data_hash\" value=\"\" \/>\n<\/fieldset>\n<p><label> <b>Your Name<\/b><br \/>\n<span class=\"wpcf7-form-control-wrap\" data-name=\"your-name\"><input size=\"40\" maxlength=\"400\" class=\"wpcf7-form-control wpcf7-text wpcf7-validates-as-required\" aria-required=\"true\" aria-invalid=\"false\" value=\"\" type=\"text\" name=\"your-name\" \/><\/span> <\/label>\n<\/p>\n<p><label> <b>Your Surname<\/b><br \/>\n<span class=\"wpcf7-form-control-wrap\" data-name=\"your-surname\"><input size=\"40\" maxlength=\"400\" class=\"wpcf7-form-control wpcf7-text wpcf7-validates-as-required\" aria-required=\"true\" aria-invalid=\"false\" value=\"\" type=\"text\" name=\"your-surname\" \/><\/span> <\/label>\n<\/p>\n<p><label> <b>Your Email<\/b><br \/>\n<span class=\"wpcf7-form-control-wrap\" data-name=\"your-email\"><input size=\"40\" maxlength=\"400\" class=\"wpcf7-form-control wpcf7-email wpcf7-validates-as-required wpcf7-text wpcf7-validates-as-email\" aria-required=\"true\" aria-invalid=\"false\" value=\"\" type=\"email\" name=\"your-email\" \/><\/span> <\/label>\n<\/p>\n<p><label> <b>Your Phone number<\/b><br \/>\n<span class=\"wpcf7-form-control-wrap\" data-name=\"Phone\"><input size=\"40\" maxlength=\"400\" class=\"wpcf7-form-control wpcf7-tel wpcf7-validates-as-required wpcf7-text wpcf7-validates-as-tel\" aria-required=\"true\" aria-invalid=\"false\" value=\"\" type=\"tel\" name=\"Phone\" \/><\/span> <\/label>\n<\/p>\n<p><label> <b>Your Country<\/b><br \/>\n<\/label>\n<\/p>\n<div style= 'height: 5px'\/>\n<\/div>\n<p><span class=\"wpcf7-form-control-wrap\" data-name=\"Country2\"><select class=\"wpcf7-form-control wpcf7-select wpcf7-validates-as-required btn-custom-link btn-custom btn-md\" aria-required=\"true\" aria-invalid=\"false\" name=\"Country2\"><option value=\"Azerbaijan\">Azerbaijan<\/option><option value=\"Kazakhstan\">Kazakhstan<\/option><option value=\"Kyrgyzstan\">Kyrgyzstan<\/option><option value=\"Georgia\">Georgia<\/option><option value=\"Russia\">Russia<\/option><option value=\"Turkey\">Turkey<\/option><\/select><\/span>\n<\/p>\n<p><label> <b>Subject<\/b><br \/>\n<span class=\"wpcf7-form-control-wrap\" data-name=\"your-subject\"><input size=\"40\" maxlength=\"400\" class=\"wpcf7-form-control wpcf7-text wpcf7-validates-as-required\" aria-required=\"true\" aria-invalid=\"false\" value=\"\" type=\"text\" name=\"your-subject\" \/><\/span> <\/label>\n<\/p>\n<p><label> <b>Your message<\/b> (optional)<br \/>\n<span class=\"wpcf7-form-control-wrap\" data-name=\"your-message\"><textarea cols=\"40\" rows=\"10\" maxlength=\"2000\" class=\"wpcf7-form-control wpcf7-textarea\" aria-invalid=\"false\" name=\"your-message\"><\/textarea><\/span> <\/label>\n<\/p>\n<p><input class=\"wpcf7-form-control wpcf7-submit has-spinner\" type=\"submit\" value=\"Submit\" \/>\n<\/p><div class=\"wpcf7-response-output\" aria-hidden=\"true\"><\/div>\n<\/form>\n<\/div>\n<\/div>\n\t\t\t\t\t\t<\/div>\n\t\t\t\t<\/div>\n\t\t\t\t\t<\/div>\n\t\t<\/div>\n\t\t\t\t<div class=\"elementor-column elementor-col-50 elementor-inner-column elementor-element elementor-element-da9d168\" data-id=\"da9d168\" data-element_type=\"column\" data-e-type=\"column\">\n\t\t\t<div class=\"elementor-widget-wrap elementor-element-populated\">\n\t\t\t\t\t\t<div class=\"elementor-element elementor-element-230e808 elementor-widget elementor-widget-text-editor\" data-id=\"230e808\" data-element_type=\"widget\" data-e-type=\"widget\" data-widget_type=\"text-editor.default\">\n\t\t\t\t<div class=\"elementor-widget-container\">\n\t\t\t\t\t\t\t\t\t<p>Sat\u0131c\u0131 m\u0131s\u0131n\u0131z veya i\u015f yerinizle ilgili sorular\u0131n\u0131z m\u0131 var?<br \/>S\u0131k\u00e7a sorulan sorular i\u00e7in buray\u0131 kontrol edin.<\/p>\n\t\t\t\t\t\t\t\t<\/div>\n\t\t\t\t<\/div>\n\t\t\t\t<div class=\"elementor-element elementor-element-5a44fac elementor-widget elementor-widget-ct-accordion\" data-id=\"5a44fac\" data-element_type=\"widget\" data-e-type=\"widget\" data-widget_type=\"ct-accordion.default\">\n\t\t\t\t<div class=\"elementor-widget-container\">\n\t\t\t\t\t        <div class=\"accordion with-gap\" id=\"upyCBE\">\r\n\r\n          \r\n            <div class=\"card\">\r\n              <div id=\"ymdyWf-heading-0\" class=\"card-header\" data-toggle=\"collapse\" data-target=\"#ymdyWf-0\" role=\"button\" aria-expanded=\"true\" aria-controls=\"ymdyWf-0\">\r\n\r\n                                <div >\r\n                  Purchasing Products                <\/div>\r\n              <\/div>\r\n\r\n              <div id=\"ymdyWf-0\" class=\"collapse show\" aria-labelledby=\"ymdyWf-heading-0\" data-parent=\"#upyCBE\" aria-controls=\"ymdyWf-0\">\r\n                <div class=\"card-body entry-content\">\r\n                                  <\/div>\r\n              <\/div>\r\n            <\/div>\r\n\r\n    \t\t\t\r\n            <div class=\"card\">\r\n              <div id=\"TbHVMh-heading-1\" class=\"card-header\" data-toggle=\"collapse\" data-target=\"#TbHVMh-1\" role=\"button\" aria-expanded=\"false\" aria-controls=\"TbHVMh-1\">\r\n\r\n                                <div >\r\n                  Adding Recipes                <\/div>\r\n              <\/div>\r\n\r\n              <div id=\"TbHVMh-1\" class=\"collapse \" aria-labelledby=\"TbHVMh-heading-1\" data-parent=\"#upyCBE\" aria-controls=\"TbHVMh-1\">\r\n                <div class=\"card-body entry-content\">\r\n                                  <\/div>\r\n              <\/div>\r\n            <\/div>\r\n\r\n    \t\t\t\r\n            <div class=\"card\">\r\n              <div id=\"HTrKiX-heading-2\" class=\"card-header\" data-toggle=\"collapse\" data-target=\"#HTrKiX-2\" role=\"button\" aria-expanded=\"false\" aria-controls=\"HTrKiX-2\">\r\n\r\n                                <div >\r\n                  Creating an Account                <\/div>\r\n              <\/div>\r\n\r\n              <div id=\"HTrKiX-2\" class=\"collapse \" aria-labelledby=\"HTrKiX-heading-2\" data-parent=\"#upyCBE\" aria-controls=\"HTrKiX-2\">\r\n                <div class=\"card-body entry-content\">\r\n                                  <\/div>\r\n              <\/div>\r\n            <\/div>\r\n\r\n    \t\t\t\r\n            <div class=\"card\">\r\n              <div id=\"RokLlH-heading-3\" class=\"card-header\" data-toggle=\"collapse\" data-target=\"#RokLlH-3\" role=\"button\" aria-expanded=\"false\" aria-controls=\"RokLlH-3\">\r\n\r\n                                <div >\r\n                  Contributing to recipes                <\/div>\r\n              <\/div>\r\n\r\n              <div id=\"RokLlH-3\" class=\"collapse \" aria-labelledby=\"RokLlH-heading-3\" data-parent=\"#upyCBE\" aria-controls=\"RokLlH-3\">\r\n                <div class=\"card-body entry-content\">\r\n                                  <\/div>\r\n              <\/div>\r\n            <\/div>\r\n\r\n    \t\t\t\r\n        <\/div>\r\n      \t\t\t\t<\/div>\n\t\t\t\t<\/div>\n\t\t\t\t\t<\/div>\n\t\t<\/div>\n\t\t\t\t\t<\/div>\n\t\t<\/section>\n\t\t\t\t\t<\/div>\n\t\t<\/div>\n\t\t\t\t\t<\/div>\n\t\t<\/section>\n\t\t\t\t<\/div>\n\t\t","protected":false},"excerpt":{"rendered":"<p>Mesaj\u0131n\u0131z\u0131 g\u00f6nderin \u00dcr\u00fcnlerimiz hakk\u0131nda daha fazla bilgi edinmek veya teknik destek talep etmek i\u00e7in l\u00fctfen a\u015fa\u011f\u0131daki formu kullanarak bizimle ileti\u015fime ge\u00e7in. Sat\u0131c\u0131 m\u0131s\u0131n\u0131z veya i\u015f yerinizle ilgili sorular\u0131n\u0131z m\u0131 var?S\u0131k\u00e7a sorulan sorular i\u00e7in buray\u0131 kontrol edin. Purchasing Products Adding Recipes Creating an Account Contributing to recipes<\/p>\n","protected":false},"author":8,"featured_media":0,"parent":0,"menu_order":0,"comment_status":"closed","ping_status":"closed","template":"","meta":{"footnotes":""},"class_list":["post-2272","page","type-page","status-publish","hentry"],"_links":{"self":[{"href":"https:\/\/yuvaasia.com\/tr\/wp-json\/wp\/v2\/pages\/2272","targetHints":{"allow":["GET"]}}],"collection":[{"href":"https:\/\/yuvaasia.com\/tr\/wp-json\/wp\/v2\/pages"}],"about":[{"href":"https:\/\/yuvaasia.com\/tr\/wp-json\/wp\/v2\/types\/page"}],"author":[{"embeddable":true,"href":"https:\/\/yuvaasia.com\/tr\/wp-json\/wp\/v2\/users\/8"}],"replies":[{"embeddable":true,"href":"https:\/\/yuvaasia.com\/tr\/wp-json\/wp\/v2\/comments?post=2272"}],"version-history":[{"count":5,"href":"https:\/\/yuvaasia.com\/tr\/wp-json\/wp\/v2\/pages\/2272\/revisions"}],"predecessor-version":[{"id":4262,"href":"https:\/\/yuvaasia.com\/tr\/wp-json\/wp\/v2\/pages\/2272\/revisions\/4262"}],"wp:attachment":[{"href":"https:\/\/yuvaasia.com\/tr\/wp-json\/wp\/v2\/media?parent=2272"}],"curies":[{"name":"wp","href":"https:\/\/api.w.org\/{rel}","templated":true}]}}