{"id":5308,"date":"2025-06-06T07:39:26","date_gmt":"2025-06-06T04:39:26","guid":{"rendered":"https:\/\/yuvaasia.com\/hakkimizda\/"},"modified":"2025-06-06T08:26:23","modified_gmt":"2025-06-06T05:26:23","slug":"about","status":"publish","type":"page","link":"https:\/\/yuvaasia.com\/tr\/about\/","title":{"rendered":"Hakk\u0131m\u0131zda"},"content":{"rendered":"\t\t<div data-elementor-type=\"wp-page\" data-elementor-id=\"5308\" class=\"elementor elementor-5308\">\n\t\t\t\t\t\t<section class=\"elementor-section elementor-top-section elementor-element elementor-element-7628155e elementor-section-boxed elementor-section-height-default elementor-section-height-default\" data-id=\"7628155e\" data-element_type=\"section\" data-e-type=\"section\">\n\t\t\t\t\t\t<div class=\"elementor-container elementor-column-gap-default\">\n\t\t\t\t\t<div class=\"elementor-column elementor-col-100 elementor-top-column elementor-element elementor-element-37095e66\" data-id=\"37095e66\" data-element_type=\"column\" data-e-type=\"column\">\n\t\t\t<div class=\"elementor-widget-wrap elementor-element-populated\">\n\t\t\t\t\t\t<section class=\"elementor-section elementor-inner-section elementor-element elementor-element-2d3cdc68 elementor-section-full_width elementor-section-height-default elementor-section-height-default\" data-id=\"2d3cdc68\" data-element_type=\"section\" data-e-type=\"section\">\n\t\t\t\t\t\t<div class=\"elementor-container elementor-column-gap-extended\">\n\t\t\t\t\t<div class=\"elementor-column elementor-col-50 elementor-inner-column elementor-element elementor-element-35a2676f\" data-id=\"35a2676f\" data-element_type=\"column\" data-e-type=\"column\">\n\t\t\t<div class=\"elementor-widget-wrap elementor-element-populated\">\n\t\t\t\t\t\t<div class=\"elementor-element elementor-element-3422c3a6 elementor-widget elementor-widget-ct-image\" data-id=\"3422c3a6\" data-element_type=\"widget\" data-e-type=\"widget\" data-widget_type=\"ct-image.default\">\n\t\t\t\t<div class=\"elementor-widget-container\">\n\t\t\t\t\t        <div class=\"ct-single-img-wrapper\">\r\n          <img decoding=\"async\" src=\"https:\/\/yuvaasia.com\/wp-content\/uploads\/2022\/10\/yuva-home-about.jpeg\" alt=\"About\">\r\n          <div class=\"ct-dots\"><\/div>\r\n        <\/div>\r\n        \t\t\t\t<\/div>\n\t\t\t\t<\/div>\n\t\t\t\t\t<\/div>\n\t\t<\/div>\n\t\t\t\t<div class=\"elementor-column elementor-col-50 elementor-inner-column elementor-element elementor-element-68df51b7 mr-lg-30\" data-id=\"68df51b7\" data-element_type=\"column\" data-e-type=\"column\">\n\t\t\t<div class=\"elementor-widget-wrap elementor-element-populated\">\n\t\t\t\t\t\t<div class=\"elementor-element elementor-element-52708e34 elementor-widget elementor-widget-text-editor\" data-id=\"52708e34\" data-element_type=\"widget\" data-e-type=\"widget\" data-widget_type=\"text-editor.default\">\n\t\t\t\t<div class=\"elementor-widget-container\">\n\t\t\t\t\t\t\t\t\t<h3 class=\"title\">YUVA HOBA HEP YANINIZDA<\/h3><p>Ekmek mayas\u0131 ve fermantasyonunun d\u00fcnya \u00e7ap\u0131ndaki oyuncusu Lesaffre grubunun par\u00e7as\u0131 olan Yuva Hoba, her \u015feyden \u00f6nce bir\u00a0<strong>tutku<\/strong>\u00a0\u00f6yk\u00fcs\u00fcd\u00fcr. Yuva Hoba, hikayesine, ekmek ve hamur i\u015flerinin ba\u015far\u0131s\u0131n\u0131 sa\u011flamak i\u00e7in mayan\u0131n en \u00f6nemli bile\u015fen oldu\u011fu f\u0131r\u0131nlarla ba\u015flad\u0131.<\/p><p>Bug\u00fcn, Yuva Hoba \u00fcr\u00fcnlerimizi Orta Asya b\u00f6lgesindeki de\u011ferli m\u00fc\u015fterilerimize de sunmaktan gurur duyuyor, hamur i\u015fi ve ekmek yaparken en iyi ve en h\u0131zl\u0131 sonu\u00e7lar\u0131 alman\u0131zda bir numaral\u0131 yard\u0131mc\u0131n\u0131z olmak i\u00e7in elimizden geleni yap\u0131yoruz!<\/p>\t\t\t\t\t\t\t\t<\/div>\n\t\t\t\t<\/div>\n\t\t\t\t\t<\/div>\n\t\t<\/div>\n\t\t\t\t\t<\/div>\n\t\t<\/section>\n\t\t\t\t\t<\/div>\n\t\t<\/div>\n\t\t\t\t\t<\/div>\n\t\t<\/section>\n\t\t\t\t<section class=\"elementor-section elementor-top-section elementor-element elementor-element-2e9fb3da section section-padding dark-overlay elementor-section-boxed elementor-section-height-default elementor-section-height-default\" data-id=\"2e9fb3da\" data-element_type=\"section\" data-e-type=\"section\" data-settings=\"{&quot;background_background&quot;:&quot;classic&quot;}\">\n\t\t\t\t\t\t<div class=\"elementor-container elementor-column-gap-extended\">\n\t\t\t\t\t<div class=\"elementor-column elementor-col-100 elementor-top-column elementor-element elementor-element-74a74e28\" data-id=\"74a74e28\" data-element_type=\"column\" data-e-type=\"column\">\n\t\t\t<div class=\"elementor-widget-wrap elementor-element-populated\">\n\t\t\t\t\t\t<div class=\"elementor-element elementor-element-4565635d elementor-widget elementor-widget-ct-title\" data-id=\"4565635d\" data-element_type=\"widget\" data-e-type=\"widget\" data-widget_type=\"ct-title.default\">\n\t\t\t\t<div class=\"elementor-widget-container\">\n\t\t\t\t\t\r\n      <div class=\"section-title-wrap text-center\">\r\n                <div class=\"ct-title-icon\"> <i aria-hidden=\"true\" class=\"flaticon flaticon-chef\"><\/i> <\/div>\r\n                        <h2 class=\"title\"> Baking Center <\/h2>\r\n                        <div class=\"subtitle\"> <b>Lesaffre'\u0131n t\u00fcm d\u00fcnyada 38 adet Baking Center\u2122 oldu\u011funu biliyor muydunuz? <br>1974'te ilk kez Fransa'da a\u00e7\u0131lan Baking Center\u2122, a\u00e7\u0131ld\u0131\u011f\u0131 g\u00fcnden bu yana, Lesaffre\u2019\u0131n uzmanl\u0131\u011f\u0131n\u0131 t\u00fcm d\u00fcnyada f\u0131r\u0131nc\u0131lar ve ev han\u0131mlar\u0131 ile payla\u015fmakta, onlar i\u00e7in global bir referans noktas\u0131 haline gelmi\u015ftir.<\/b> <\/div>\r\n              <\/div>\r\n\r\n      \t\t\t\t<\/div>\n\t\t\t\t<\/div>\n\t\t\t\t<div class=\"elementor-element elementor-element-31c8cc4 elementor-widget elementor-widget-menu-anchor\" data-id=\"31c8cc4\" data-element_type=\"widget\" data-e-type=\"widget\" data-widget_type=\"menu-anchor.default\">\n\t\t\t\t<div class=\"elementor-widget-container\">\n\t\t\t\t\t\t\t<div class=\"elementor-menu-anchor\" id=\"bakingcenter\"><\/div>\n\t\t\t\t\t\t<\/div>\n\t\t\t\t<\/div>\n\t\t\t\t\t<\/div>\n\t\t<\/div>\n\t\t\t\t\t<\/div>\n\t\t<\/section>\n\t\t\t\t<section class=\"elementor-section elementor-top-section elementor-element elementor-element-7bd46a9 section  elementor-section-boxed elementor-section-height-default elementor-section-height-default\" data-id=\"7bd46a9\" data-element_type=\"section\" data-e-type=\"section\">\n\t\t\t\t\t\t<div class=\"elementor-container elementor-column-gap-extended\">\n\t\t\t\t\t<div class=\"elementor-column elementor-col-100 elementor-top-column elementor-element elementor-element-690c9f35\" data-id=\"690c9f35\" data-element_type=\"column\" data-e-type=\"column\">\n\t\t\t<div class=\"elementor-widget-wrap elementor-element-populated\">\n\t\t\t\t\t\t<div class=\"elementor-element elementor-element-9588e36 elementor-widget elementor-widget-ct-title\" data-id=\"9588e36\" data-element_type=\"widget\" data-e-type=\"widget\" data-widget_type=\"ct-title.default\">\n\t\t\t\t<div class=\"elementor-widget-container\">\n\t\t\t\t\t\r\n      <div class=\"section-title-wrap text-center\">\r\n                <div class=\"ct-title-icon\"> <i aria-hidden=\"true\" class=\"fab fa-instagram\"><\/i> <\/div>\r\n                        <h2 class=\"title\"> Toplulu\u011fumuza Kat\u0131l\u0131n <\/h2>\r\n                        <div class=\"subtitle\"> <b>Toplulu\u011fumuza kat\u0131l\u0131n ve Bayan Maya ile #YuvaVitality'nin tad\u0131n\u0131 \u00e7\u0131kar\u0131n<\/b> <\/div>\r\n              <\/div>\r\n\r\n      \t\t\t\t<\/div>\n\t\t\t\t<\/div>\n\t\t\t\t<div class=\"elementor-element elementor-element-dea3fe5 elementor-widget elementor-widget-shortcode\" data-id=\"dea3fe5\" data-element_type=\"widget\" data-e-type=\"widget\" data-widget_type=\"shortcode.default\">\n\t\t\t\t<div class=\"elementor-widget-container\">\n\t\t\t\t\t\t\t<div class=\"elementor-shortcode\">\n<div id=\"sb_instagram\"  class=\"sbi sbi_mob_col_1 sbi_tab_col_2 sbi_col_4 sbi_width_resp sbi_palette_custom_2\" style=\"padding-bottom: 10px;\"\t data-feedid=\"*2\"  data-res=\"auto\" data-cols=\"4\" data-colsmobile=\"1\" data-colstablet=\"2\" data-num=\"4\" data-nummobile=\"4\" data-item-padding=\"5\"\t data-shortcode-atts=\"{&quot;feed&quot;:&quot;2&quot;}\"  data-postid=\"5308\" data-locatornonce=\"ed4b2d6202\" data-imageaspectratio=\"1:1\" data-sbi-flags=\"favorLocal\">\n\t\n\t<div id=\"sbi_images\"  style=\"gap: 10px;\">\n\t\t\t<\/div>\n\n\t<div id=\"sbi_load\" >\n\n\t\n\t\t\t<span class=\"sbi_follow_btn\" >\n\t\t\t<a target=\"_blank\"\n\t\t\t\trel=\"nofollow noopener\"  href=\"https:\/\/www.instagram.com\/17841410126476437\/\">\n\t\t\t\t<svg class=\"svg-inline--fa fa-instagram fa-w-14\" aria-hidden=\"true\" data-fa-processed=\"\" aria-label=\"Instagram\" data-prefix=\"fab\" data-icon=\"instagram\" role=\"img\" viewBox=\"0 0 448 512\">\n                    <path fill=\"currentColor\" d=\"M224.1 141c-63.6 0-114.9 51.3-114.9 114.9s51.3 114.9 114.9 114.9S339 319.5 339 255.9 287.7 141 224.1 141zm0 189.6c-41.1 0-74.7-33.5-74.7-74.7s33.5-74.7 74.7-74.7 74.7 33.5 74.7 74.7-33.6 74.7-74.7 74.7zm146.4-194.3c0 14.9-12 26.8-26.8 26.8-14.9 0-26.8-12-26.8-26.8s12-26.8 26.8-26.8 26.8 12 26.8 26.8zm76.1 27.2c-1.7-35.9-9.9-67.7-36.2-93.9-26.2-26.2-58-34.4-93.9-36.2-37-2.1-147.9-2.1-184.9 0-35.8 1.7-67.6 9.9-93.9 36.1s-34.4 58-36.2 93.9c-2.1 37-2.1 147.9 0 184.9 1.7 35.9 9.9 67.7 36.2 93.9s58 34.4 93.9 36.2c37 2.1 147.9 2.1 184.9 0 35.9-1.7 67.7-9.9 93.9-36.2 26.2-26.2 34.4-58 36.2-93.9 2.1-37 2.1-147.8 0-184.8zM398.8 388c-7.8 19.6-22.9 34.7-42.6 42.6-29.5 11.7-99.5 9-132.1 9s-102.7 2.6-132.1-9c-19.6-7.8-34.7-22.9-42.6-42.6-11.7-29.5-9-99.5-9-132.1s-2.6-102.7 9-132.1c7.8-19.6 22.9-34.7 42.6-42.6 29.5-11.7 99.5-9 132.1-9s102.7-2.6 132.1 9c19.6 7.8 34.7 22.9 42.6 42.6 11.7 29.5 9 99.5 9 132.1s2.7 102.7-9 132.1z\"><\/path>\n                <\/svg>\t\t\t\t<span>Instagram&#039;da takip et<\/span>\n\t\t\t<\/a>\n\t\t<\/span>\n\t\n<\/div>\n\t\t<span class=\"sbi_resized_image_data\" data-feed-id=\"*2\"\n\t\t  data-resized=\"[]\">\n\t<\/span>\n\t<\/div>\n\n\t<style type=\"text\/css\">\n\t\t\t\t\t\t\t\t\t\t\t\t#sb_instagram.sbi_palette_custom_2 #sbi_load .sbi_load_btn {\n\t\t\tbackground: #FFC104;\n\t\t}\n\n\t\t\t\t\t\t#sb_instagram.sbi_palette_custom_2 #sbi_load .sbi_follow_btn a {\n\t\t\tbackground: #E92B2B;\n\t\t}\n\n\t\t\t<\/style>\n\t<\/div>\n\t\t\t\t\t\t<\/div>\n\t\t\t\t<\/div>\n\t\t\t\t\t<\/div>\n\t\t<\/div>\n\t\t\t\t\t<\/div>\n\t\t<\/section>\n\t\t\t\t<\/div>\n\t\t","protected":false},"excerpt":{"rendered":"<p>YUVA HOBA HEP YANINIZDA Ekmek mayas\u0131 ve fermantasyonunun d\u00fcnya \u00e7ap\u0131ndaki oyuncusu Lesaffre grubunun par\u00e7as\u0131 olan Yuva Hoba, her \u015feyden \u00f6nce bir\u00a0tutku\u00a0\u00f6yk\u00fcs\u00fcd\u00fcr. Yuva Hoba, hikayesine, ekmek ve hamur i\u015flerinin ba\u015far\u0131s\u0131n\u0131 sa\u011flamak i\u00e7in mayan\u0131n en \u00f6nemli bile\u015fen oldu\u011fu f\u0131r\u0131nlarla ba\u015flad\u0131. Bug\u00fcn, Yuva Hoba \u00fcr\u00fcnlerimizi Orta Asya b\u00f6lgesindeki de\u011ferli m\u00fc\u015fterilerimize de sunmaktan gurur duyuyor, hamur i\u015fi ve ekmek [&hellip;]<\/p>\n","protected":false},"author":6,"featured_media":0,"parent":0,"menu_order":0,"comment_status":"closed","ping_status":"closed","template":"","meta":{"footnotes":""},"class_list":["post-5308","page","type-page","status-publish","hentry"],"_links":{"self":[{"href":"https:\/\/yuvaasia.com\/tr\/wp-json\/wp\/v2\/pages\/5308","targetHints":{"allow":["GET"]}}],"collection":[{"href":"https:\/\/yuvaasia.com\/tr\/wp-json\/wp\/v2\/pages"}],"about":[{"href":"https:\/\/yuvaasia.com\/tr\/wp-json\/wp\/v2\/types\/page"}],"author":[{"embeddable":true,"href":"https:\/\/yuvaasia.com\/tr\/wp-json\/wp\/v2\/users\/6"}],"replies":[{"embeddable":true,"href":"https:\/\/yuvaasia.com\/tr\/wp-json\/wp\/v2\/comments?post=5308"}],"version-history":[{"count":4,"href":"https:\/\/yuvaasia.com\/tr\/wp-json\/wp\/v2\/pages\/5308\/revisions"}],"predecessor-version":[{"id":5313,"href":"https:\/\/yuvaasia.com\/tr\/wp-json\/wp\/v2\/pages\/5308\/revisions\/5313"}],"wp:attachment":[{"href":"https:\/\/yuvaasia.com\/tr\/wp-json\/wp\/v2\/media?parent=5308"}],"curies":[{"name":"wp","href":"https:\/\/api.w.org\/{rel}","templated":true}]}}